{"id":2,"date":"2024-09-30T12:51:14","date_gmt":"2024-09-30T12:51:14","guid":{"rendered":"https:\/\/envima.es\/?page_id=2"},"modified":"2024-10-31T16:31:08","modified_gmt":"2024-10-31T16:31:08","slug":"construccion-sostenible","status":"publish","type":"page","link":"https:\/\/envima.es\/ca\/servicios\/construccion-sostenible\/","title":{"rendered":"Construcci\u00f3 Sostenible"},"content":{"rendered":"<p class=\"has-text-align-left has-neve-text-color-color has-text-color has-medium-font-size\" style=\"padding-top:0;padding-right:0;padding-bottom:0;padding-left:0\">La Construcci\u00f3 Sostenible \u00e9s l\u201fevoluci\u00f3 necess\u00e0ria que ha de tenir el sector immobiliari i que el marc normatiu actual assenyala indubtablement. <\/p>\n\n\n\n<p class=\"has-text-align-left has-neve-text-color-color has-text-color has-medium-font-size\" style=\"padding-top:0;padding-right:0;padding-bottom:0;padding-left:0\">Els t\u00e8cnics de&nbsp;<strong>ENVIMA<\/strong>&nbsp;tenen la formaci\u00f3 que permet aplicar aquests conceptes a la construcci\u00f3 i assessorar el client per assolir els compromisos que la societat demana. <\/p>\n\n\n\n<p class=\"has-text-align-left has-neve-text-color-color has-text-color has-medium-font-size\" style=\"padding-top:0;padding-right:0;padding-bottom:0;padding-left:0\">L\u201faplicaci\u00f3 de criteris mediambientals i de sostenibilitat \u00e9s imparable.<\/p>\n\n\n\n<ul class=\"wp-block-list\">\n<li class=\"has-medium-font-size\"><mark style=\"background-color:rgba(0, 0, 0, 0)\" class=\"has-inline-color has-nv-c-2-color\">Criteris de disseny per limitar la demanda energ\u00e8tica<\/mark><\/li>\n\n\n\n<li class=\"has-medium-font-size\"><mark style=\"background-color:rgba(0, 0, 0, 0)\" class=\"has-inline-color has-nv-dark-bg-color\">Aplicaci\u00f3 de t\u00e8cniques destalvi energ\u00e8tic a les instal\u00b7lacions.<\/mark><\/li>\n\n\n\n<li class=\"has-medium-font-size\"><mark style=\"background-color:rgba(0, 0, 0, 0)\" class=\"has-inline-color has-nv-c-2-color\">T\u00e8cniques de construcci\u00f3 que generen pocs residus.<\/mark><\/li>\n\n\n\n<li class=\"has-medium-font-size\"><mark style=\"background-color:rgba(0, 0, 0, 0)\" class=\"has-inline-color has-nv-c-2-color\">Certificaci\u00f3 d&#039;Efici\u00e8ncia Energ\u00e8tica als edificis nous<\/mark><\/li>\n<\/ul>\n\n\n\n<div style=\"height:14px\" aria-hidden=\"true\" class=\"wp-block-spacer\"><\/div>\n\n\n\n<div class=\"wp-block-columns is-layout-flex wp-container-core-columns-is-layout-1 wp-block-columns-is-layout-flex\">\n<div class=\"wp-block-column is-layout-flow wp-block-column-is-layout-flow\">\n<figure data-wp-context=\"{&quot;imageId&quot;:&quot;69f8a4c99e390&quot;}\" data-wp-interactive=\"core\/image\" class=\"wp-block-image size-full is-resized has-custom-border wp-lightbox-container\"><img loading=\"lazy\" decoding=\"async\" width=\"678\" height=\"509\" data-wp-class--hide=\"state.isContentHidden\" data-wp-class--show=\"state.isContentVisible\" data-wp-init=\"callbacks.setButtonStyles\" data-wp-on-async--click=\"actions.showLightbox\" data-wp-on-async--load=\"callbacks.setButtonStyles\" data-wp-on-async-window--resize=\"callbacks.setButtonStyles\" src=\"https:\/\/envima.es\/wp-content\/uploads\/2024\/09\/construcciones-sostenible-04.jpeg\" alt=\"\" class=\"wp-image-113\" style=\"border-radius:23px;aspect-ratio:1.3333333333333333;object-fit:cover;width:293px;height:auto\" srcset=\"https:\/\/envima.es\/wp-content\/uploads\/2024\/09\/construcciones-sostenible-04.jpeg 678w, https:\/\/envima.es\/wp-content\/uploads\/2024\/09\/construcciones-sostenible-04-300x225.jpeg 300w\" sizes=\"auto, (max-width: 678px) 100vw, 678px\" \/><button\n\t\t\tclass=\"lightbox-trigger\"\n\t\t\ttype=\"button\"\n\t\t\taria-haspopup=\"dialog\"\n\t\t\taria-label=\"\u00c0mplia la imatge\"\n\t\t\tdata-wp-init=\"callbacks.initTriggerButton\"\n\t\t\tdata-wp-on-async--click=\"actions.showLightbox\"\n\t\t\tdata-wp-style--right=\"state.imageButtonRight\"\n\t\t\tdata-wp-style--top=\"state.imageButtonTop\"\n\t\t>\n\t\t\t<svg xmlns=\"http:\/\/www.w3.org\/2000\/svg\" width=\"12\" height=\"12\" fill=\"none\" viewbox=\"0 0 12 12\">\n\t\t\t\t<path fill=\"#fff\" d=\"M2 0a2 2 0 0 0-2 2v2h1.5V2a.5.5 0 0 1 .5-.5h2V0H2Zm2 10.5H2a.5.5 0 0 1-.5-.5V8H0v2a2 2 0 0 0 2 2h2v-1.5ZM8 12v-1.5h2a.5.5 0 0 0 .5-.5V8H12v2a2 2 0 0 1-2 2H8Zm2-12a2 2 0 0 1 2 2v2h-1.5V2a.5.5 0 0 0-.5-.5H8V0h2Z\" \/>\n\t\t\t<\/svg>\n\t\t<\/button><\/figure>\n<\/div>\n\n\n\n<div class=\"wp-block-column is-layout-flow wp-block-column-is-layout-flow\">\n<figure data-wp-context=\"{&quot;imageId&quot;:&quot;69f8a4c99eb29&quot;}\" data-wp-interactive=\"core\/image\" class=\"wp-block-image size-full is-resized has-custom-border wp-lightbox-container\"><img loading=\"lazy\" decoding=\"async\" width=\"678\" height=\"509\" data-wp-class--hide=\"state.isContentHidden\" data-wp-class--show=\"state.isContentVisible\" data-wp-init=\"callbacks.setButtonStyles\" data-wp-on-async--click=\"actions.showLightbox\" data-wp-on-async--load=\"callbacks.setButtonStyles\" data-wp-on-async-window--resize=\"callbacks.setButtonStyles\" src=\"https:\/\/envima.es\/wp-content\/uploads\/2024\/09\/construcciones-sostenible-03-2.jpeg\" alt=\"\" class=\"wp-image-112\" style=\"border-radius:23px;aspect-ratio:1.3333333333333333;object-fit:cover;width:296px;height:auto\" srcset=\"https:\/\/envima.es\/wp-content\/uploads\/2024\/09\/construcciones-sostenible-03-2.jpeg 678w, https:\/\/envima.es\/wp-content\/uploads\/2024\/09\/construcciones-sostenible-03-2-300x225.jpeg 300w\" sizes=\"auto, (max-width: 678px) 100vw, 678px\" \/><button\n\t\t\tclass=\"lightbox-trigger\"\n\t\t\ttype=\"button\"\n\t\t\taria-haspopup=\"dialog\"\n\t\t\taria-label=\"\u00c0mplia la imatge\"\n\t\t\tdata-wp-init=\"callbacks.initTriggerButton\"\n\t\t\tdata-wp-on-async--click=\"actions.showLightbox\"\n\t\t\tdata-wp-style--right=\"state.imageButtonRight\"\n\t\t\tdata-wp-style--top=\"state.imageButtonTop\"\n\t\t>\n\t\t\t<svg xmlns=\"http:\/\/www.w3.org\/2000\/svg\" width=\"12\" height=\"12\" fill=\"none\" viewbox=\"0 0 12 12\">\n\t\t\t\t<path fill=\"#fff\" d=\"M2 0a2 2 0 0 0-2 2v2h1.5V2a.5.5 0 0 1 .5-.5h2V0H2Zm2 10.5H2a.5.5 0 0 1-.5-.5V8H0v2a2 2 0 0 0 2 2h2v-1.5ZM8 12v-1.5h2a.5.5 0 0 0 .5-.5V8H12v2a2 2 0 0 1-2 2H8Zm2-12a2 2 0 0 1 2 2v2h-1.5V2a.5.5 0 0 0-.5-.5H8V0h2Z\" \/>\n\t\t\t<\/svg>\n\t\t<\/button><\/figure>\n<\/div>\n\n\n\n<div class=\"wp-block-column is-layout-flow wp-block-column-is-layout-flow\">\n<figure data-wp-context=\"{&quot;imageId&quot;:&quot;69f8a4c99ef5d&quot;}\" data-wp-interactive=\"core\/image\" class=\"wp-block-image size-full is-resized has-custom-border wp-lightbox-container\"><img loading=\"lazy\" decoding=\"async\" width=\"678\" height=\"509\" data-wp-class--hide=\"state.isContentHidden\" data-wp-class--show=\"state.isContentVisible\" data-wp-init=\"callbacks.setButtonStyles\" data-wp-on-async--click=\"actions.showLightbox\" data-wp-on-async--load=\"callbacks.setButtonStyles\" data-wp-on-async-window--resize=\"callbacks.setButtonStyles\" src=\"https:\/\/envima.es\/wp-content\/uploads\/2024\/09\/construcciones-sostenible-02.jpeg\" alt=\"\" class=\"wp-image-110\" style=\"border-radius:23px;aspect-ratio:1.3333333333333333;object-fit:cover;width:297px;height:auto\" srcset=\"https:\/\/envima.es\/wp-content\/uploads\/2024\/09\/construcciones-sostenible-02.jpeg 678w, https:\/\/envima.es\/wp-content\/uploads\/2024\/09\/construcciones-sostenible-02-300x225.jpeg 300w\" sizes=\"auto, (max-width: 678px) 100vw, 678px\" \/><button\n\t\t\tclass=\"lightbox-trigger\"\n\t\t\ttype=\"button\"\n\t\t\taria-haspopup=\"dialog\"\n\t\t\taria-label=\"\u00c0mplia la imatge\"\n\t\t\tdata-wp-init=\"callbacks.initTriggerButton\"\n\t\t\tdata-wp-on-async--click=\"actions.showLightbox\"\n\t\t\tdata-wp-style--right=\"state.imageButtonRight\"\n\t\t\tdata-wp-style--top=\"state.imageButtonTop\"\n\t\t>\n\t\t\t<svg xmlns=\"http:\/\/www.w3.org\/2000\/svg\" width=\"12\" height=\"12\" fill=\"none\" viewbox=\"0 0 12 12\">\n\t\t\t\t<path fill=\"#fff\" d=\"M2 0a2 2 0 0 0-2 2v2h1.5V2a.5.5 0 0 1 .5-.5h2V0H2Zm2 10.5H2a.5.5 0 0 1-.5-.5V8H0v2a2 2 0 0 0 2 2h2v-1.5ZM8 12v-1.5h2a.5.5 0 0 0 .5-.5V8H12v2a2 2 0 0 1-2 2H8Zm2-12a2 2 0 0 1 2 2v2h-1.5V2a.5.5 0 0 0-.5-.5H8V0h2Z\" \/>\n\t\t\t<\/svg>\n\t\t<\/button><\/figure>\n<\/div>\n\n\n\n<div class=\"wp-block-column is-layout-flow wp-block-column-is-layout-flow\">\n<figure class=\"wp-block-image size-full is-resized has-custom-border\"><img loading=\"lazy\" decoding=\"async\" width=\"678\" height=\"509\" src=\"https:\/\/envima.es\/wp-content\/uploads\/2024\/10\/2-3-Ampliacio-habitatge-a-SantCugat.jpg\" alt=\"\" class=\"wp-image-290\" style=\"border-radius:23px;aspect-ratio:1.3333333333333333;object-fit:cover;width:295px;height:auto\" srcset=\"https:\/\/envima.es\/wp-content\/uploads\/2024\/10\/2-3-Ampliacio-habitatge-a-SantCugat.jpg 678w, https:\/\/envima.es\/wp-content\/uploads\/2024\/10\/2-3-Ampliacio-habitatge-a-SantCugat-300x225.jpg 300w\" sizes=\"auto, (max-width: 678px) 100vw, 678px\" \/><\/figure>\n<\/div>\n<\/div>\n\n\n\n<div style=\"height:50px\" aria-hidden=\"true\" class=\"wp-block-spacer\"><\/div>\n\n\n\n<div class=\"wp-block-cover alignfull is-light\" style=\"min-height:300px;aspect-ratio:unset;\"><span aria-hidden=\"true\" class=\"wp-block-cover__background has-background-dim-0 has-background-dim\" style=\"background-color:#00070c\"><\/span><img loading=\"lazy\" decoding=\"async\" width=\"1789\" height=\"2516\" class=\"wp-block-cover__image-background wp-image-363\" alt=\"\" src=\"https:\/\/envima.es\/wp-content\/uploads\/2024\/10\/Composicions-Envima-6.jpg\" style=\"object-position:56% 99%\" data-object-fit=\"cover\" data-object-position=\"56% 99%\" srcset=\"https:\/\/envima.es\/wp-content\/uploads\/2024\/10\/Composicions-Envima-6.jpg 1789w, https:\/\/envima.es\/wp-content\/uploads\/2024\/10\/Composicions-Envima-6-213x300.jpg 213w, https:\/\/envima.es\/wp-content\/uploads\/2024\/10\/Composicions-Envima-6-728x1024.jpg 728w, https:\/\/envima.es\/wp-content\/uploads\/2024\/10\/Composicions-Envima-6-768x1080.jpg 768w, https:\/\/envima.es\/wp-content\/uploads\/2024\/10\/Composicions-Envima-6-1092x1536.jpg 1092w, https:\/\/envima.es\/wp-content\/uploads\/2024\/10\/Composicions-Envima-6-1456x2048.jpg 1456w\" sizes=\"auto, (max-width: 1789px) 100vw, 1789px\" \/><div class=\"wp-block-cover__inner-container is-layout-flow wp-block-cover-is-layout-flow\">\n<div style=\"height:100px\" aria-hidden=\"true\" class=\"wp-block-spacer\"><\/div>\n\n\n\n<div class=\"wp-block-columns is-layout-flex wp-container-core-columns-is-layout-2 wp-block-columns-is-layout-flex\">\n<div class=\"wp-block-column is-layout-flow wp-block-column-is-layout-flow\" style=\"flex-basis:20%\"><\/div>\n\n\n\n<div class=\"wp-block-column is-layout-flow wp-block-column-is-layout-flow\" style=\"flex-basis:60%\">\n<div class=\"wp-block-group\"><div class=\"wp-block-group__inner-container is-layout-constrained wp-block-group-is-layout-constrained\">\n<h2 class=\"wp-block-heading has-text-align-center has-nv-c-2-color has-text-color\">\u00bf A punt per comen\u00e7ar el teu projecte?<\/h2>\n\n\n\n<p class=\"has-text-align-center has-nv-c-2-color has-text-color has-link-color wp-elements-4c279550b5c53ee8a5144035fd23df6b\">A&nbsp;<strong>ENVIMA<\/strong>&nbsp;estem aqu\u00ed per ajudar-te a convertir les teves idees en realitat, garantint qualitat, sostenibilitat i efici\u00e8ncia a cada pas del proc\u00e9s. <strong>Contacta&#039;ns avui<\/strong>&nbsp;per a una consulta personalitzada i descobreix com podem fer del teu projecte un \u00e8xit.<\/p>\n\n\n\n<div class=\"wp-block-buttons is-horizontal is-content-justification-center is-layout-flex wp-container-core-buttons-is-layout-1 wp-block-buttons-is-layout-flex\">\n<div class=\"wp-block-button is-style-default\"><a class=\"wp-block-button__link has-nv-site-bg-color has-neve-link-hover-color-background-color has-text-color has-background has-link-color wp-element-button\" href=\"https:\/\/envima.es\/ca\/contact\/\">Demana la teva Consulta<\/a><\/div>\n<\/div>\n<\/div><\/div>\n<\/div>\n\n\n\n<div class=\"wp-block-column is-layout-flow wp-block-column-is-layout-flow\" style=\"flex-basis:20%\"><\/div>\n<\/div>\n\n\n\n<div style=\"height:196px\" aria-hidden=\"true\" class=\"wp-block-spacer\"><\/div>\n<\/div><\/div>\n\n\n\n<p><\/p>","protected":false},"excerpt":{"rendered":"<p>La Construcci\u00f3 Sostenible \u00e9s l\u201fevoluci\u00f3 necess\u00e0ria que ha de tenir el sector immobiliari i que el marc normatiu actual assenyala indubtablement. Els t\u00e8cnics d&#039;ENVIMA tenen la formaci\u00f3 que permet aplicar aquests conceptes a la construcci\u00f3 i assessorar el client per assolir els compromisos que la societat demana. L&#039;aplicaci\u00f3 de criteris mediambientals i de sostenibilitat\u2026&nbsp;<a href=\"https:\/\/envima.es\/ca\/servicios\/construccion-sostenible\/\" rel=\"bookmark\">Llegiu m\u00e9s \u00bb<span class=\"screen-reader-text\">Construcci\u00f3 Sostenible<\/span><\/a><\/p>","protected":false},"author":1,"featured_media":49,"parent":10,"menu_order":0,"comment_status":"closed","ping_status":"open","template":"","meta":{"neve_meta_sidebar":"","neve_meta_container":"","neve_meta_enable_content_width":"","neve_meta_content_width":0,"neve_meta_title_alignment":"","neve_meta_author_avatar":"","neve_post_elements_order":"","neve_meta_disable_header":"","neve_meta_disable_footer":"","neve_meta_disable_title":"","footnotes":""},"class_list":["post-2","page","type-page","status-publish","has-post-thumbnail","hentry"],"_links":{"self":[{"href":"https:\/\/envima.es\/ca\/wp-json\/wp\/v2\/pages\/2","targetHints":{"allow":["GET"]}}],"collection":[{"href":"https:\/\/envima.es\/ca\/wp-json\/wp\/v2\/pages"}],"about":[{"href":"https:\/\/envima.es\/ca\/wp-json\/wp\/v2\/types\/page"}],"author":[{"embeddable":true,"href":"https:\/\/envima.es\/ca\/wp-json\/wp\/v2\/users\/1"}],"replies":[{"embeddable":true,"href":"https:\/\/envima.es\/ca\/wp-json\/wp\/v2\/comments?post=2"}],"version-history":[{"count":23,"href":"https:\/\/envima.es\/ca\/wp-json\/wp\/v2\/pages\/2\/revisions"}],"predecessor-version":[{"id":427,"href":"https:\/\/envima.es\/ca\/wp-json\/wp\/v2\/pages\/2\/revisions\/427"}],"up":[{"embeddable":true,"href":"https:\/\/envima.es\/ca\/wp-json\/wp\/v2\/pages\/10"}],"wp:featuredmedia":[{"embeddable":true,"href":"https:\/\/envima.es\/ca\/wp-json\/wp\/v2\/media\/49"}],"wp:attachment":[{"href":"https:\/\/envima.es\/ca\/wp-json\/wp\/v2\/media?parent=2"}],"curies":[{"name":"wp","href":"https:\/\/api.w.org\/{rel}","templated":true}]}}