{"id":757,"date":"2025-01-07T11:25:28","date_gmt":"2025-01-07T11:25:28","guid":{"rendered":"https:\/\/envima.es\/?page_id=757"},"modified":"2025-01-07T11:25:29","modified_gmt":"2025-01-07T11:25:29","slug":"politica-de-privacidad","status":"publish","type":"page","link":"https:\/\/envima.es\/ca\/politica-de-privacidad\/","title":{"rendered":"Pol\u00edtica de Privadesa"},"content":{"rendered":"<p><strong>Pol\u00edtica de Privadesa<\/strong><\/p>\n\n\n\n<p>A ENVIMA ens prenem molt seriosament la privadesa i la protecci\u00f3 de les dades personals dels nostres usuaris, clients i subscriptors. Per aix\u00f2, et recomanem llegir aquesta pol\u00edtica de privadesa, que detalla com recopilem, utilitzem i protegim la teva informaci\u00f3 personal en compliment amb el&nbsp;<strong>Reglament General de Protecci\u00f3 de Dades (RGPD)<\/strong>, la&nbsp;<strong>Llei Org\u00e0nica de Protecci\u00f3 de Dades (LOPD)<\/strong>&nbsp;i la&nbsp;<strong>Llei de Serveis de la Societat de la Informaci\u00f3 i Comer\u00e7 Electr\u00f2nic (LSSICE)<\/strong>.<\/p>\n\n\n\n<h3 class=\"wp-block-heading\"><strong>Responsable del Tractament de Dades<\/strong><\/h3>\n\n\n\n<ul class=\"wp-block-list\">\n<li><strong>Denominaci\u00f3 Social:<\/strong>\u00a0Enric Vijande Majem<\/li>\n\n\n\n<li><strong>NIF\/CIF:<\/strong>\u00a046105109-L<\/li>\n\n\n\n<li><strong>Domicili Social:<\/strong>\u00a0Sant Cugat del Vall\u00e8s, Espanya<\/li>\n\n\n\n<li><strong>Correu Electr\u00f2nic:<\/strong>\u00a0<a>envima@envima.es<\/a><\/li>\n\n\n\n<li><strong>P\u00e0gina Web:<\/strong>\u00a0<a href=\"https:\/\/envima.es\/ca\/\">www.envima.es<\/a><\/li>\n<\/ul>\n\n\n\n<hr class=\"wp-block-separator has-alpha-channel-opacity\"\/>\n\n\n\n<h3 class=\"wp-block-heading\"><strong>Recollida i \u00das de Dades Personals<\/strong><\/h3>\n\n\n\n<p>ENVIMA recopila dades personals quan:<\/p>\n\n\n\n<ul class=\"wp-block-list\">\n<li>Ens contactes a trav\u00e9s de formularis.<\/li>\n\n\n\n<li>Realitzes consultes o sol\u00b7licites informaci\u00f3.<\/li>\n\n\n\n<li>Contractes els nostres serveis.<\/li>\n<\/ul>\n\n\n\n<p>Les dades personals recopilades poden incloure:<\/p>\n\n\n\n<ul class=\"wp-block-list\">\n<li>Nom i cognoms.<\/li>\n\n\n\n<li>Adre\u00e7a de correu electr\u00f2nic.<\/li>\n\n\n\n<li>Tel\u00e8fon de contacte.<\/li>\n\n\n\n<li>Adre\u00e7a IP.<\/li>\n\n\n\n<li>Informaci\u00f3 de pagament, si escau.<\/li>\n<\/ul>\n\n\n\n<p>L&#039;enviament d&#039;aquestes dades \u00e9s necessari per a:<\/p>\n\n\n\n<ul class=\"wp-block-list\">\n<li>Respondre les teves consultes.<\/li>\n\n\n\n<li>Prestar els serveis contractats.<\/li>\n\n\n\n<li>Enviar informaci\u00f3 rellevant sobre els nostres serveis.<\/li>\n<\/ul>\n\n\n\n<p>No proporcionar les dades sol\u00b7licitades o no acceptar aquesta pol\u00edtica de privadesa pot impedir la prestaci\u00f3 dels serveis sol\u00b7licitats.<\/p>\n\n\n\n<hr class=\"wp-block-separator has-alpha-channel-opacity\"\/>\n\n\n\n<h3 class=\"wp-block-heading\"><strong>Legitimaci\u00f3 per al Tractament de Dades<\/strong><\/h3>\n\n\n\n<p>La base legal per al tractament de les teves dades \u00e9s:<\/p>\n\n\n\n<ul class=\"wp-block-list\">\n<li>El teu consentiment expr\u00e9s, atorgat en completar formularis a la nostra web.<\/li>\n\n\n\n<li>L&#039;execuci\u00f3 d&#039;un contracte quan sol\u00b7liciteu els nostres serveis.<\/li>\n\n\n\n<li>El nostre inter\u00e8s leg\u00edtim per informar-te sobre serveis relacionats amb els contractats pr\u00e8viament.<\/li>\n<\/ul>\n\n\n\n<hr class=\"wp-block-separator has-alpha-channel-opacity\"\/>\n\n\n\n<h3 class=\"wp-block-heading\"><strong>Serveis de Tercers Utilitzats<\/strong><\/h3>\n\n\n\n<p>Per garantir la seguretat de les teves dades, utilitzem els serveis seg\u00fcents:<\/p>\n\n\n\n<ul class=\"wp-block-list\">\n<li><strong>Hosting:<\/strong>\u00a0Hostinger.es (consulta la seva pol\u00edtica de privadesa a\u00a0<a href=\"https:\/\/www.cyberneticos.com\/avisoslegales.php\">Hostinger<\/a>).<\/li>\n\n\n\n<li><strong>Plataforma Web:<\/strong>\u00a0WordPress.org (consulta la seva pol\u00edtica de privadesa a\u00a0<a href=\"https:\/\/automattic.com\/privacy\/\">Automattic<\/a>).<\/li>\n\n\n\n<li><strong>Anal\u00edtica Web:<\/strong>\u00a0Google Analytics (consulteu la vostra pol\u00edtica de privadesa a\u00a0<a href=\"https:\/\/policies.google.com\/privacy?hl=es\">Google Policies<\/a>).<\/li>\n<\/ul>\n\n\n\n<hr class=\"wp-block-separator has-alpha-channel-opacity\"\/>\n\n\n\n<h3 class=\"wp-block-heading\"><strong>Drets de l&#039;Usuari<\/strong><\/h3>\n\n\n\n<p>Com a usuari, tens dret a:<\/p>\n\n\n\n<ul class=\"wp-block-list\">\n<li><strong>Accedir<\/strong>\u00a0a les dades personals que hem recopilat sobre tu.<\/li>\n\n\n\n<li><strong>Rectificar<\/strong>\u00a0dades inexactes o desactualitzades.<\/li>\n\n\n\n<li><strong>Suprimir<\/strong>\u00a0les teves dades personals quan ja no siguin necess\u00e0ries.<\/li>\n\n\n\n<li><strong>Oposar-te<\/strong>\u00a0al tractament de les teves dades per a fins espec\u00edfics.<\/li>\n\n\n\n<li><strong>Limitar<\/strong>\u00a0el tractament de les teves dades en certes circumst\u00e0ncies.<\/li>\n\n\n\n<li><strong>Portar<\/strong>\u00a0les teves dades a un altre responsable, si \u00e9s t\u00e8cnicament viable.<\/li>\n<\/ul>\n\n\n\n<p>Pots exercir aquests drets enviant una sol\u00b7licitud a:<\/p>\n\n\n\n<ul class=\"wp-block-list\">\n<li><strong>Correu electr\u00f2nic:<\/strong>\u00a0<a>envima@envima.es<\/a><\/li>\n<\/ul>\n\n\n\n<p>Acompanya la teva sol\u00b7licitud amb una c\u00f2pia del teu DNI o un altre document identificatiu v\u00e0lid, indicant a l&#039;assumpte \u00abProtecci\u00f3 de Dades\u00bb.<\/p>\n\n\n\n<hr class=\"wp-block-separator has-alpha-channel-opacity\"\/>\n\n\n\n<h3 class=\"wp-block-heading\"><strong>Seguretat de les Dades<\/strong><\/h3>\n\n\n\n<p>ENVIMA implementa mesures t\u00e8cniques i organitzatives adequades per protegir les teves dades personals contra accessos no autoritzats, alteracions, p\u00e8rdua o destrucci\u00f3. No obstant aix\u00f2, no podem garantir la seguretat absoluta dels sistemes inform\u00e0tics a Internet.<\/p>\n\n\n\n<hr class=\"wp-block-separator has-alpha-channel-opacity\"\/>\n\n\n\n<h3 class=\"wp-block-heading\"><strong>Exactitud i Veracitat de les Dades<\/strong><\/h3>\n\n\n\n<p>L&#039;usuari \u00e9s responsable de la veracitat de les dades proporcionades i es compromet a mantenir-les actualitzades. ENVIMA no es responsabilitza de qualsevol inexactitud a les dades proporcionades pels usuaris.<\/p>\n\n\n\n<hr class=\"wp-block-separator has-alpha-channel-opacity\"\/>\n\n\n\n<h3 class=\"wp-block-heading\"><strong>Modificacions de la Pol\u00edtica de Privadesa<\/strong><\/h3>\n\n\n\n<p>ENVIMA es reserva el dret d&#039;actualitzar aquesta pol\u00edtica de privadesa per adaptar-la a canvis legislatius, jurisprudencials o pr\u00e0ctiques del sector. Els canvis seran notificats en aquesta p\u00e0gina amb antelaci\u00f3 raonable.<\/p>\n\n\n\n<hr class=\"wp-block-separator has-alpha-channel-opacity\"\/>\n\n\n\n<h3 class=\"wp-block-heading\"><strong>Correus Comercials<\/strong><\/h3>\n\n\n\n<p>ENVIMA no fa pr\u00e0ctiques de SPAM. Nom\u00e9s rebr\u00e0s correus electr\u00f2nics comercials si has donat el teu consentiment expr\u00e9s en completar els nostres formularis. Pots donar-te de baixa en qualsevol moment a trav\u00e9s de l&#039;enlla\u00e7 incl\u00f2s als nostres correus.<\/p>\n\n\n\n<p><strong>\u00daltima actualitzaci\u00f3:<\/strong>\u00a0[07 gen 2025]<\/p>\n\n\n\n<p>Si tens cap dubte sobre aquesta pol\u00edtica de privadesa, no dubtis en contactar-nos mitjan\u00e7ant la sol\u00b7licitud de contacte. <\/p>","protected":false},"excerpt":{"rendered":"<p>Pol\u00edtica de Privadesa A ENVIMA ens prenem molt seriosament la privadesa i la protecci\u00f3 de les dades personals dels nostres usuaris, clients i subscriptors. Per aix\u00f2, et recomanem llegir aquesta pol\u00edtica de privadesa, que detalla com recopilem, utilitzem i protegim la teva informaci\u00f3 personal en compliment amb el Reglament General de Protecci\u00f3 de Dades (RGPD), la Llei\u2026&nbsp;<a href=\"https:\/\/envima.es\/ca\/politica-de-privacidad\/\" rel=\"bookmark\">Llegiu m\u00e9s \u00bb<span class=\"screen-reader-text\">Pol\u00edtica de Privadesa<\/span><\/a><\/p>","protected":false},"author":1,"featured_media":0,"parent":0,"menu_order":0,"comment_status":"closed","ping_status":"closed","template":"","meta":{"neve_meta_sidebar":"left","neve_meta_container":"","neve_meta_enable_content_width":"","neve_meta_content_width":70,"neve_meta_title_alignment":"","neve_meta_author_avatar":"","neve_post_elements_order":"","neve_meta_disable_header":"","neve_meta_disable_footer":"","neve_meta_disable_title":"","footnotes":""},"class_list":["post-757","page","type-page","status-publish","hentry"],"_links":{"self":[{"href":"https:\/\/envima.es\/ca\/wp-json\/wp\/v2\/pages\/757","targetHints":{"allow":["GET"]}}],"collection":[{"href":"https:\/\/envima.es\/ca\/wp-json\/wp\/v2\/pages"}],"about":[{"href":"https:\/\/envima.es\/ca\/wp-json\/wp\/v2\/types\/page"}],"author":[{"embeddable":true,"href":"https:\/\/envima.es\/ca\/wp-json\/wp\/v2\/users\/1"}],"replies":[{"embeddable":true,"href":"https:\/\/envima.es\/ca\/wp-json\/wp\/v2\/comments?post=757"}],"version-history":[{"count":2,"href":"https:\/\/envima.es\/ca\/wp-json\/wp\/v2\/pages\/757\/revisions"}],"predecessor-version":[{"id":759,"href":"https:\/\/envima.es\/ca\/wp-json\/wp\/v2\/pages\/757\/revisions\/759"}],"wp:attachment":[{"href":"https:\/\/envima.es\/ca\/wp-json\/wp\/v2\/media?parent=757"}],"curies":[{"name":"wp","href":"https:\/\/api.w.org\/{rel}","templated":true}]}}