{"id":9,"date":"2024-09-30T13:10:58","date_gmt":"2024-09-30T13:10:58","guid":{"rendered":"https:\/\/envima.es\/?page_id=9"},"modified":"2024-10-31T19:17:22","modified_gmt":"2024-10-31T19:17:22","slug":"portfolio","status":"publish","type":"page","link":"https:\/\/envima.es\/ca\/portfolio\/","title":{"rendered":"Portfolio"},"content":{"rendered":"<div class=\"wp-block-cover alignfull\" style=\"min-height:300px;aspect-ratio:unset;\"><span aria-hidden=\"true\" class=\"wp-block-cover__background has-nv-site-bg-background-color has-background-dim-100 has-background-dim\"><\/span><div class=\"wp-block-cover__inner-container is-layout-flow wp-block-cover-is-layout-flow\">\n<div class=\"wp-block-group\" style=\"padding-right:var(--wp--preset--spacing--30);padding-left:var(--wp--preset--spacing--30)\"><div class=\"wp-block-group__inner-container is-layout-flow wp-block-group-is-layout-flow\">\n<h1 class=\"wp-block-heading has-text-align-left has-neve-text-color-color has-text-color\">Projectes<\/h1>\n<\/div><\/div>\n<\/div><\/div>\n\n\n\n<div class=\"wp-block-cover alignfull\" style=\"min-height:808px;aspect-ratio:unset;\"><span aria-hidden=\"true\" class=\"wp-block-cover__background has-nv-light-bg-background-color has-background-dim-100 has-background-dim\"><\/span><div class=\"wp-block-cover__inner-container is-layout-flow wp-block-cover-is-layout-flow\">\n<div class=\"wp-block-group\"><div class=\"wp-block-group__inner-container is-layout-flow wp-block-group-is-layout-flow\">\n<div style=\"height:80px\" aria-hidden=\"true\" class=\"wp-block-spacer\"><\/div>\n\n\n\n<div class=\"wp-block-columns are-vertically-aligned-center is-layout-flex wp-container-core-columns-is-layout-1 wp-block-columns-is-layout-flex\">\n<div class=\"wp-block-column is-vertically-aligned-center is-layout-flow wp-block-column-is-layout-flow\" style=\"padding-right:var(--wp--preset--spacing--30);padding-left:var(--wp--preset--spacing--30);flex-basis:50%\">\n<figure class=\"wp-block-image size-full has-custom-border\"><img loading=\"lazy\" decoding=\"async\" width=\"464\" height=\"700\" src=\"https:\/\/envima.es\/wp-content\/uploads\/2024\/09\/hotel-abdijam.jpeg\" alt=\"\" class=\"wp-image-192\" style=\"border-radius:24px;aspect-ratio:4\/3;object-fit:cover\" srcset=\"https:\/\/envima.es\/wp-content\/uploads\/2024\/09\/hotel-abdijam.jpeg 464w, https:\/\/envima.es\/wp-content\/uploads\/2024\/09\/hotel-abdijam-199x300.jpeg 199w\" sizes=\"auto, (max-width: 464px) 100vw, 464px\" \/><\/figure>\n\n\n\n<div style=\"height:24px\" aria-hidden=\"true\" class=\"wp-block-spacer\"><\/div>\n\n\n\n<h3 class=\"wp-block-heading has-text-align-left has-neve-text-color-color has-text-color\">Projectes recents<\/h3>\n\n\n\n<p class=\"has-text-align-left has-neve-text-color-color has-text-color\">Cada projecte reflecteix el nostre comprom\u00eds amb la&nbsp;<strong>qualitat<\/strong>, el&nbsp;<strong>compliment de terminis<\/strong>&nbsp;i la&nbsp;<strong>optimitzaci\u00f3 de recursos<\/strong>.&nbsp;<\/p>\n\n\n\n<div class=\"wp-block-buttons has-custom-font-size has-small-font-size is-content-justification-left is-layout-flex wp-container-core-buttons-is-layout-1 wp-block-buttons-is-layout-flex\">\n<div class=\"wp-block-button has-custom-font-size is-style-default\" style=\"font-size:16px\"><a class=\"wp-block-button__link has-nv-text-dark-bg-color has-neve-link-color-background-color has-text-color has-background has-link-color wp-element-button\" href=\"https:\/\/envima.es\/ca\/category\/proyectos-recientes\/\">Veure m\u00e9s<\/a><\/div>\n<\/div>\n\n\n\n<div style=\"height:40px\" aria-hidden=\"true\" class=\"wp-block-spacer\"><\/div>\n<\/div>\n\n\n\n<div class=\"wp-block-column is-vertically-aligned-center is-layout-flow wp-block-column-is-layout-flow\" style=\"padding-right:var(--wp--preset--spacing--30);padding-left:var(--wp--preset--spacing--30);flex-basis:50%\">\n<figure class=\"wp-block-image size-full has-custom-border\"><img loading=\"lazy\" decoding=\"async\" width=\"1707\" height=\"2560\" src=\"https:\/\/envima.es\/wp-content\/uploads\/2024\/09\/seen-scaled.jpeg\" alt=\"\" class=\"wp-image-193\" style=\"border-radius:24px;aspect-ratio:4\/3;object-fit:cover\" srcset=\"https:\/\/envima.es\/wp-content\/uploads\/2024\/09\/seen-scaled.jpeg 1707w, https:\/\/envima.es\/wp-content\/uploads\/2024\/09\/seen-200x300.jpeg 200w, https:\/\/envima.es\/wp-content\/uploads\/2024\/09\/seen-683x1024.jpeg 683w, https:\/\/envima.es\/wp-content\/uploads\/2024\/09\/seen-768x1152.jpeg 768w, https:\/\/envima.es\/wp-content\/uploads\/2024\/09\/seen-1024x1536.jpeg 1024w, https:\/\/envima.es\/wp-content\/uploads\/2024\/09\/seen-1365x2048.jpeg 1365w\" sizes=\"auto, (max-width: 1707px) 100vw, 1707px\" \/><\/figure>\n\n\n\n<div style=\"height:24px\" aria-hidden=\"true\" class=\"wp-block-spacer\"><\/div>\n\n\n\n<h3 class=\"wp-block-heading has-text-align-left has-neve-text-color-color has-text-color\">A l&#039;Estranger<\/h3>\n\n\n\n<p class=\"has-text-align-left has-neve-text-color-color has-text-color\">La nostra experi\u00e8ncia no t\u00e9 fronteres. A <strong>ENVIMA<\/strong>, hem liderat amb \u00e8xit projectes a lestranger.<\/p>\n\n\n\n<div class=\"wp-block-buttons has-custom-font-size has-small-font-size is-content-justification-left is-layout-flex wp-container-core-buttons-is-layout-2 wp-block-buttons-is-layout-flex\">\n<div class=\"wp-block-button has-custom-font-size is-style-default\" style=\"font-size:16px\"><a class=\"wp-block-button__link has-nv-text-dark-bg-color has-neve-link-color-background-color has-text-color has-background has-link-color wp-element-button\" href=\"https:\/\/envima.es\/ca\/category\/en-el-extranjero\/\">Veure m\u00e9s<\/a><\/div>\n<\/div>\n\n\n\n<div style=\"height:40px\" aria-hidden=\"true\" class=\"wp-block-spacer\"><\/div>\n<\/div>\n\n\n\n<div class=\"wp-block-column is-vertically-aligned-center is-layout-flow wp-block-column-is-layout-flow\" style=\"padding-right:var(--wp--preset--spacing--30);padding-left:var(--wp--preset--spacing--30);flex-basis:50%\">\n<figure class=\"wp-block-image size-full has-custom-border\"><img loading=\"lazy\" decoding=\"async\" width=\"1148\" height=\"644\" src=\"https:\/\/envima.es\/wp-content\/uploads\/2024\/09\/rectoria.jpeg\" alt=\"\" class=\"wp-image-194\" style=\"border-radius:24px;aspect-ratio:4\/3;object-fit:cover\" srcset=\"https:\/\/envima.es\/wp-content\/uploads\/2024\/09\/rectoria.jpeg 1148w, https:\/\/envima.es\/wp-content\/uploads\/2024\/09\/rectoria-300x168.jpeg 300w, https:\/\/envima.es\/wp-content\/uploads\/2024\/09\/rectoria-1024x574.jpeg 1024w, https:\/\/envima.es\/wp-content\/uploads\/2024\/09\/rectoria-768x431.jpeg 768w\" sizes=\"auto, (max-width: 1148px) 100vw, 1148px\" \/><\/figure>\n\n\n\n<div style=\"height:24px\" aria-hidden=\"true\" class=\"wp-block-spacer\"><\/div>\n\n\n\n<h3 class=\"wp-block-heading has-text-align-left has-neve-text-color-color has-text-color\">Rehabilitaci\u00f3<\/h3>\n\n\n\n<p class=\"has-text-align-left has-neve-text-color-color has-text-color\">A&nbsp;<strong>ENVIMA<\/strong>, som especialistes en la&nbsp;<strong>rehabilitaci\u00f3 d&#039;edificis<\/strong>, combinant&nbsp;<strong>sostenibilitat<\/strong>&nbsp;i&nbsp;<strong>efici\u00e8ncia energ\u00e8tica<\/strong> amb la conservaci\u00f3 del patrimoni.<\/p>\n\n\n\n<div class=\"wp-block-buttons has-custom-font-size has-small-font-size is-content-justification-left is-layout-flex wp-container-core-buttons-is-layout-3 wp-block-buttons-is-layout-flex\">\n<div class=\"wp-block-button has-custom-font-size is-style-default\" style=\"font-size:16px\"><a class=\"wp-block-button__link has-nv-text-dark-bg-color has-neve-link-color-background-color has-text-color has-background has-link-color wp-element-button\" href=\"https:\/\/envima.es\/ca\/category\/rehabilitacion\/\">Veure m\u00e9s<\/a><\/div>\n<\/div>\n\n\n\n<div style=\"height:40px\" aria-hidden=\"true\" class=\"wp-block-spacer\"><\/div>\n<\/div>\n<\/div>\n\n\n\n<div class=\"wp-block-columns are-vertically-aligned-center is-layout-flex wp-container-core-columns-is-layout-2 wp-block-columns-is-layout-flex\">\n<div class=\"wp-block-column is-vertically-aligned-center is-layout-flow wp-block-column-is-layout-flow\" style=\"padding-right:var(--wp--preset--spacing--30);padding-left:var(--wp--preset--spacing--30);flex-basis:50%\">\n<figure class=\"wp-block-image size-full has-custom-border\"><img loading=\"lazy\" decoding=\"async\" width=\"678\" height=\"509\" src=\"https:\/\/envima.es\/wp-content\/uploads\/2024\/09\/unifmailiar4-1.jpeg\" alt=\"\" class=\"wp-image-260\" style=\"border-radius:24px;aspect-ratio:4\/3;object-fit:cover\" srcset=\"https:\/\/envima.es\/wp-content\/uploads\/2024\/09\/unifmailiar4-1.jpeg 678w, https:\/\/envima.es\/wp-content\/uploads\/2024\/09\/unifmailiar4-1-300x225.jpeg 300w\" sizes=\"auto, (max-width: 678px) 100vw, 678px\" \/><\/figure>\n\n\n\n<div style=\"height:24px\" aria-hidden=\"true\" class=\"wp-block-spacer\"><\/div>\n\n\n\n<h3 class=\"wp-block-heading has-text-align-left has-neve-text-color-color has-text-color\">Cases Unifamiliars<\/h3>\n\n\n\n<p class=\"has-text-align-left has-neve-text-color-color has-text-color\">A&nbsp;<strong>ENVIMA<\/strong>, dissenyem i gestionem projectes de&nbsp;<strong>cases unifamiliars<\/strong>&nbsp;a mida, combinant&nbsp;<strong>efici\u00e8ncia energ\u00e8tica<\/strong>,&nbsp;<strong>sostenibilitat<\/strong>&nbsp;i confort.<\/p>\n\n\n\n<div class=\"wp-block-buttons has-custom-font-size has-small-font-size is-content-justification-left is-layout-flex wp-container-core-buttons-is-layout-4 wp-block-buttons-is-layout-flex\">\n<div class=\"wp-block-button has-custom-font-size is-style-default\" style=\"font-size:16px\"><a class=\"wp-block-button__link has-nv-text-dark-bg-color has-neve-link-color-background-color has-text-color has-background has-link-color wp-element-button\" href=\"https:\/\/envima.es\/ca\/category\/casas-unifamiliares\/\">Veure m\u00e9s<\/a><\/div>\n<\/div>\n\n\n\n<div style=\"height:40px\" aria-hidden=\"true\" class=\"wp-block-spacer\"><\/div>\n<\/div>\n\n\n\n<div class=\"wp-block-column is-vertically-aligned-center is-layout-flow wp-block-column-is-layout-flow\" style=\"padding-right:var(--wp--preset--spacing--30);padding-left:var(--wp--preset--spacing--30);flex-basis:50%\">\n<figure class=\"wp-block-image size-full has-custom-border\"><img loading=\"lazy\" decoding=\"async\" width=\"586\" height=\"440\" src=\"https:\/\/envima.es\/wp-content\/uploads\/2024\/09\/hotel-port-aventura.jpeg\" alt=\"\" class=\"wp-image-201\" style=\"border-radius:24px;aspect-ratio:4\/3;object-fit:cover\" srcset=\"https:\/\/envima.es\/wp-content\/uploads\/2024\/09\/hotel-port-aventura.jpeg 586w, https:\/\/envima.es\/wp-content\/uploads\/2024\/09\/hotel-port-aventura-300x225.jpeg 300w\" sizes=\"auto, (max-width: 586px) 100vw, 586px\" \/><\/figure>\n\n\n\n<div style=\"height:24px\" aria-hidden=\"true\" class=\"wp-block-spacer\"><\/div>\n\n\n\n<h3 class=\"wp-block-heading has-text-align-left has-neve-text-color-color has-text-color\">Projectes Antics<\/h3>\n\n\n\n<p class=\"has-text-align-left has-neve-text-color-color has-text-color\">A&nbsp;<strong>ENVIMA<\/strong>, valorem la nostra traject\u00f2ria en l&#039;execuci\u00f3 de&nbsp;<strong>projectes antics<\/strong>&nbsp;que han marcat el nostre creixement i consolidaci\u00f3 al sector.<\/p>\n\n\n\n<div class=\"wp-block-buttons has-custom-font-size has-small-font-size is-content-justification-left is-layout-flex wp-container-core-buttons-is-layout-5 wp-block-buttons-is-layout-flex\">\n<div class=\"wp-block-button has-custom-font-size is-style-default\" style=\"font-size:16px\"><a class=\"wp-block-button__link has-nv-text-dark-bg-color has-neve-link-color-background-color has-text-color has-background has-link-color wp-element-button\" href=\"https:\/\/envima.es\/ca\/category\/proyectos-antiguos\/\">Veure m\u00e9s<\/a><\/div>\n<\/div>\n\n\n\n<div style=\"height:40px\" aria-hidden=\"true\" class=\"wp-block-spacer\"><\/div>\n<\/div>\n\n\n\n<div class=\"wp-block-column is-vertically-aligned-center is-layout-flow wp-block-column-is-layout-flow\" style=\"padding-right:var(--wp--preset--spacing--30);padding-left:var(--wp--preset--spacing--30);flex-basis:50%\">\n<figure class=\"wp-block-image size-full has-custom-border\"><img loading=\"lazy\" decoding=\"async\" width=\"586\" height=\"439\" src=\"https:\/\/envima.es\/wp-content\/uploads\/2024\/09\/42viviendas.jpeg\" alt=\"\" class=\"wp-image-266\" style=\"border-radius:24px;aspect-ratio:4\/3;object-fit:cover\" srcset=\"https:\/\/envima.es\/wp-content\/uploads\/2024\/09\/42viviendas.jpeg 586w, https:\/\/envima.es\/wp-content\/uploads\/2024\/09\/42viviendas-300x225.jpeg 300w\" sizes=\"auto, (max-width: 586px) 100vw, 586px\" \/><\/figure>\n\n\n\n<div style=\"height:24px\" aria-hidden=\"true\" class=\"wp-block-spacer\"><\/div>\n\n\n\n<h3 class=\"wp-block-heading has-text-align-left has-neve-text-color-color has-text-color\">Edificis Plurifamiliars<\/h3>\n\n\n\n<p class=\"has-text-align-left has-neve-text-color-color has-text-color\">Especialitzats en la construcci\u00f3 i gesti\u00f3 de&nbsp;<strong>edificis plurifamiliars<\/strong>, a&nbsp;<strong>ENVIMA<\/strong>&nbsp;treballem per optimitzar el disseny, el confort i la&nbsp;<strong>efici\u00e8ncia energ\u00e8tica<\/strong>&nbsp;a cada projecte.&nbsp;<\/p>\n\n\n\n<div class=\"wp-block-buttons has-custom-font-size has-small-font-size is-content-justification-left is-layout-flex wp-container-core-buttons-is-layout-6 wp-block-buttons-is-layout-flex\">\n<div class=\"wp-block-button has-custom-font-size is-style-default\" style=\"font-size:16px\"><a class=\"wp-block-button__link has-nv-text-dark-bg-color has-neve-link-color-background-color has-text-color has-background has-link-color wp-element-button\" href=\"https:\/\/envima.es\/ca\/category\/edificios-plurifamiliares\/\">Veure m\u00e9s<\/a><\/div>\n<\/div>\n\n\n\n<div style=\"height:40px\" aria-hidden=\"true\" class=\"wp-block-spacer\"><\/div>\n<\/div>\n<\/div>\n\n\n\n<div style=\"height:40px\" aria-hidden=\"true\" class=\"wp-block-spacer\"><\/div>\n<\/div><\/div>\n<\/div><\/div>\n\n\n\n<div class=\"wp-block-cover alignfull\" style=\"min-height:300px;aspect-ratio:unset;\"><span aria-hidden=\"true\" class=\"wp-block-cover__background has-neve-link-color-background-color has-background-dim-100 has-background-dim\"><\/span><div class=\"wp-block-cover__inner-container is-layout-flow wp-block-cover-is-layout-flow\">\n<div style=\"height:140px\" aria-hidden=\"true\" class=\"wp-block-spacer\"><\/div>\n\n\n\n<div class=\"wp-block-columns is-layout-flex wp-container-core-columns-is-layout-3 wp-block-columns-is-layout-flex\">\n<div class=\"wp-block-column is-layout-flow wp-block-column-is-layout-flow\" style=\"flex-basis:20%\"><\/div>\n\n\n\n<div class=\"wp-block-column is-layout-flow wp-block-column-is-layout-flow\" style=\"flex-basis:60%\">\n<div class=\"wp-block-group\"><div class=\"wp-block-group__inner-container is-layout-constrained wp-block-group-is-layout-constrained\">\n<h2 class=\"wp-block-heading has-text-align-center has-nv-text-dark-bg-color has-text-color\">\u00bf A punt per comen\u00e7ar el teu projecte?<\/h2>\n\n\n\n<p class=\"has-text-align-center has-nv-text-dark-bg-color has-text-color has-link-color wp-elements-a9f42ddbc432e050203ae8626938df3b\">A&nbsp;<strong>ENVIMA<\/strong>&nbsp;estem aqu\u00ed per ajudar-te a convertir les teves idees en realitat, garantint qualitat, sostenibilitat i efici\u00e8ncia a cada pas del proc\u00e9s.&nbsp;<strong>Contacta&#039;ns avui<\/strong>&nbsp;per a una consulta personalitzada i descobreix com podem fer del teu projecte un \u00e8xit.<\/p>\n\n\n\n<div class=\"wp-block-buttons is-horizontal is-content-justification-center is-layout-flex wp-container-core-buttons-is-layout-7 wp-block-buttons-is-layout-flex\">\n<div class=\"wp-block-button is-style-primary\"><a class=\"wp-block-button__link has-neve-link-color-color has-text-color has-background has-link-color wp-element-button\" href=\"https:\/\/envima.es\/ca\/contact\/\" style=\"background-color:#ffffff\">Demana la teva Consulta<\/a><\/div>\n<\/div>\n<\/div><\/div>\n<\/div>\n\n\n\n<div class=\"wp-block-column is-layout-flow wp-block-column-is-layout-flow\" style=\"flex-basis:20%\"><\/div>\n<\/div>\n\n\n\n<div style=\"height:140px\" aria-hidden=\"true\" class=\"wp-block-spacer\"><\/div>\n<\/div><\/div>","protected":false},"excerpt":{"rendered":"","protected":false},"author":1,"featured_media":194,"parent":0,"menu_order":0,"comment_status":"closed","ping_status":"closed","template":"","meta":{"neve_meta_sidebar":"","neve_meta_container":"","neve_meta_enable_content_width":"on","neve_meta_content_width":100,"neve_meta_title_alignment":"","neve_meta_author_avatar":"","neve_post_elements_order":"","neve_meta_disable_header":"","neve_meta_disable_footer":"","neve_meta_disable_title":"on","footnotes":""},"class_list":["post-9","page","type-page","status-publish","has-post-thumbnail","hentry"],"_links":{"self":[{"href":"https:\/\/envima.es\/ca\/wp-json\/wp\/v2\/pages\/9","targetHints":{"allow":["GET"]}}],"collection":[{"href":"https:\/\/envima.es\/ca\/wp-json\/wp\/v2\/pages"}],"about":[{"href":"https:\/\/envima.es\/ca\/wp-json\/wp\/v2\/types\/page"}],"author":[{"embeddable":true,"href":"https:\/\/envima.es\/ca\/wp-json\/wp\/v2\/users\/1"}],"replies":[{"embeddable":true,"href":"https:\/\/envima.es\/ca\/wp-json\/wp\/v2\/comments?post=9"}],"version-history":[{"count":13,"href":"https:\/\/envima.es\/ca\/wp-json\/wp\/v2\/pages\/9\/revisions"}],"predecessor-version":[{"id":681,"href":"https:\/\/envima.es\/ca\/wp-json\/wp\/v2\/pages\/9\/revisions\/681"}],"wp:featuredmedia":[{"embeddable":true,"href":"https:\/\/envima.es\/ca\/wp-json\/wp\/v2\/media\/194"}],"wp:attachment":[{"href":"https:\/\/envima.es\/ca\/wp-json\/wp\/v2\/media?parent=9"}],"curies":[{"name":"wp","href":"https:\/\/api.w.org\/{rel}","templated":true}]}}