{"id":153,"date":"2024-09-30T20:24:46","date_gmt":"2024-09-30T20:24:46","guid":{"rendered":"https:\/\/envima.es\/?page_id=153"},"modified":"2024-10-31T16:36:14","modified_gmt":"2024-10-31T16:36:14","slug":"control-de-calidad","status":"publish","type":"page","link":"https:\/\/envima.es\/fr\/servicios\/control-de-calidad\/","title":{"rendered":"Contr\u00f4le de la qualit\u00e9"},"content":{"rendered":"<p class=\"has-text-align-left has-neve-text-color-color has-text-color has-medium-font-size\" style=\"padding-top:0;padding-right:0;padding-bottom:0;padding-left:0\">Pour\u00a0<strong>ENVIMA<\/strong>\u00a0la qualit\u00e9 est le moteur de tous les processus de travail, tant dans les services offerts que dans le d\u00e9veloppement immobilier du client (application du d\u00e9cret 375\/1988 et du C.T.E.-RD.314\/2006).<\/p>\n\n\n\n<p class=\"has-text-align-left has-neve-text-color-color has-text-color has-medium-font-size\" style=\"padding-top:0;padding-right:0;padding-bottom:0;padding-left:0\">Les cycles d'am\u00e9lioration continue sont la priorit\u00e9 de\u00a0<strong>ENVIMA<\/strong>\u00a0et nous permettent d'\u00e9voluer \u00e0 chaque commande, en optimisant les services et en perfectionnant les proc\u00e9dures de contr\u00f4le sur les sites.<\/p>\n\n\n\n<ul class=\"wp-block-list\">\n<li class=\"has-medium-font-size\"><mark style=\"background-color:rgba(0, 0, 0, 0)\" class=\"has-inline-color has-nv-c-2-color\">R\u00e9daction du programme de contr\u00f4le des processus et des mat\u00e9riaux.<\/mark><\/li>\n\n\n\n<li class=\"has-medium-font-size\"><mark style=\"background-color:rgba(0, 0, 0, 0)\" class=\"has-inline-color has-nv-c-2-color\">Respect des conditions fix\u00e9es par le C.E.T.<\/mark><\/li>\n\n\n\n<li class=\"has-medium-font-size\"><mark style=\"background-color:rgba(0, 0, 0, 0)\" class=\"has-inline-color has-nv-c-2-color\">Enregistrement des modifications et\/ou am\u00e9liorations des processus de construction.<\/mark><\/li>\n\n\n\n<li class=\"has-medium-font-size\"><mark style=\"background-color:rgba(0, 0, 0, 0)\" class=\"has-inline-color has-nv-c-2-color\">R\u00e9daction des fiches de v\u00e9rification pour le registre du coll\u00e8ge.<\/mark><\/li>\n<\/ul>\n\n\n\n<div style=\"height:23px\" aria-hidden=\"true\" class=\"wp-block-spacer\"><\/div>\n\n\n\n<div class=\"wp-block-columns is-layout-flex wp-container-core-columns-is-layout-1 wp-block-columns-is-layout-flex\">\n<div class=\"wp-block-column is-layout-flow wp-block-column-is-layout-flow\">\n<figure data-wp-context=\"{&quot;imageId&quot;:&quot;69d297c9420be&quot;}\" data-wp-interactive=\"core\/image\" class=\"wp-block-image size-full has-custom-border wp-lightbox-container\"><img loading=\"lazy\" decoding=\"async\" width=\"678\" height=\"509\" data-wp-class--hide=\"state.isContentHidden\" data-wp-class--show=\"state.isContentVisible\" data-wp-init=\"callbacks.setButtonStyles\" data-wp-on-async--click=\"actions.showLightbox\" data-wp-on-async--load=\"callbacks.setButtonStyles\" data-wp-on-async-window--resize=\"callbacks.setButtonStyles\" src=\"https:\/\/envima.es\/wp-content\/uploads\/2024\/10\/4-1-Facana-Estabularis-UAB.jpg\" alt=\"\" class=\"wp-image-322\" style=\"border-radius:23px\" srcset=\"https:\/\/envima.es\/wp-content\/uploads\/2024\/10\/4-1-Facana-Estabularis-UAB.jpg 678w, https:\/\/envima.es\/wp-content\/uploads\/2024\/10\/4-1-Facana-Estabularis-UAB-300x225.jpg 300w\" sizes=\"auto, (max-width: 678px) 100vw, 678px\" \/><button\n\t\t\tclass=\"lightbox-trigger\"\n\t\t\ttype=\"button\"\n\t\t\taria-haspopup=\"dialog\"\n\t\t\taria-label=\"Agrandir l&#039;image\"\n\t\t\tdata-wp-init=\"callbacks.initTriggerButton\"\n\t\t\tdata-wp-on-async--click=\"actions.showLightbox\"\n\t\t\tdata-wp-style--right=\"state.imageButtonRight\"\n\t\t\tdata-wp-style--top=\"state.imageButtonTop\"\n\t\t>\n\t\t\t<svg xmlns=\"http:\/\/www.w3.org\/2000\/svg\" width=\"12\" height=\"12\" fill=\"none\" viewbox=\"0 0 12 12\">\n\t\t\t\t<path fill=\"#fff\" d=\"M2 0a2 2 0 0 0-2 2v2h1.5V2a.5.5 0 0 1 .5-.5h2V0H2Zm2 10.5H2a.5.5 0 0 1-.5-.5V8H0v2a2 2 0 0 0 2 2h2v-1.5ZM8 12v-1.5h2a.5.5 0 0 0 .5-.5V8H12v2a2 2 0 0 1-2 2H8Zm2-12a2 2 0 0 1 2 2v2h-1.5V2a.5.5 0 0 0-.5-.5H8V0h2Z\" \/>\n\t\t\t<\/svg>\n\t\t<\/button><\/figure>\n<\/div>\n\n\n\n<div class=\"wp-block-column is-layout-flow wp-block-column-is-layout-flow\">\n<figure data-wp-context=\"{&quot;imageId&quot;:&quot;69d297c942a6c&quot;}\" data-wp-interactive=\"core\/image\" class=\"wp-block-image size-full has-custom-border wp-lightbox-container\"><img loading=\"lazy\" decoding=\"async\" width=\"678\" height=\"509\" data-wp-class--hide=\"state.isContentHidden\" data-wp-class--show=\"state.isContentVisible\" data-wp-init=\"callbacks.setButtonStyles\" data-wp-on-async--click=\"actions.showLightbox\" data-wp-on-async--load=\"callbacks.setButtonStyles\" data-wp-on-async-window--resize=\"callbacks.setButtonStyles\" src=\"https:\/\/envima.es\/wp-content\/uploads\/2024\/10\/4-2-Cases-a-Vilanova-del-Valles.jpg\" alt=\"\" class=\"wp-image-323\" style=\"border-radius:23px\" srcset=\"https:\/\/envima.es\/wp-content\/uploads\/2024\/10\/4-2-Cases-a-Vilanova-del-Valles.jpg 678w, https:\/\/envima.es\/wp-content\/uploads\/2024\/10\/4-2-Cases-a-Vilanova-del-Valles-300x225.jpg 300w\" sizes=\"auto, (max-width: 678px) 100vw, 678px\" \/><button\n\t\t\tclass=\"lightbox-trigger\"\n\t\t\ttype=\"button\"\n\t\t\taria-haspopup=\"dialog\"\n\t\t\taria-label=\"Agrandir l&#039;image\"\n\t\t\tdata-wp-init=\"callbacks.initTriggerButton\"\n\t\t\tdata-wp-on-async--click=\"actions.showLightbox\"\n\t\t\tdata-wp-style--right=\"state.imageButtonRight\"\n\t\t\tdata-wp-style--top=\"state.imageButtonTop\"\n\t\t>\n\t\t\t<svg xmlns=\"http:\/\/www.w3.org\/2000\/svg\" width=\"12\" height=\"12\" fill=\"none\" viewbox=\"0 0 12 12\">\n\t\t\t\t<path fill=\"#fff\" d=\"M2 0a2 2 0 0 0-2 2v2h1.5V2a.5.5 0 0 1 .5-.5h2V0H2Zm2 10.5H2a.5.5 0 0 1-.5-.5V8H0v2a2 2 0 0 0 2 2h2v-1.5ZM8 12v-1.5h2a.5.5 0 0 0 .5-.5V8H12v2a2 2 0 0 1-2 2H8Zm2-12a2 2 0 0 1 2 2v2h-1.5V2a.5.5 0 0 0-.5-.5H8V0h2Z\" \/>\n\t\t\t<\/svg>\n\t\t<\/button><\/figure>\n<\/div>\n\n\n\n<div class=\"wp-block-column is-layout-flow wp-block-column-is-layout-flow\">\n<figure data-wp-context=\"{&quot;imageId&quot;:&quot;69d297c942e1c&quot;}\" data-wp-interactive=\"core\/image\" class=\"wp-block-image size-full has-custom-border wp-lightbox-container\"><img loading=\"lazy\" decoding=\"async\" width=\"678\" height=\"509\" data-wp-class--hide=\"state.isContentHidden\" data-wp-class--show=\"state.isContentVisible\" data-wp-init=\"callbacks.setButtonStyles\" data-wp-on-async--click=\"actions.showLightbox\" data-wp-on-async--load=\"callbacks.setButtonStyles\" data-wp-on-async-window--resize=\"callbacks.setButtonStyles\" src=\"https:\/\/envima.es\/wp-content\/uploads\/2024\/10\/4-3-Casa-a-Valldoreix.jpg\" alt=\"\" class=\"wp-image-324\" style=\"border-radius:23px\" srcset=\"https:\/\/envima.es\/wp-content\/uploads\/2024\/10\/4-3-Casa-a-Valldoreix.jpg 678w, https:\/\/envima.es\/wp-content\/uploads\/2024\/10\/4-3-Casa-a-Valldoreix-300x225.jpg 300w\" sizes=\"auto, (max-width: 678px) 100vw, 678px\" \/><button\n\t\t\tclass=\"lightbox-trigger\"\n\t\t\ttype=\"button\"\n\t\t\taria-haspopup=\"dialog\"\n\t\t\taria-label=\"Agrandir l&#039;image\"\n\t\t\tdata-wp-init=\"callbacks.initTriggerButton\"\n\t\t\tdata-wp-on-async--click=\"actions.showLightbox\"\n\t\t\tdata-wp-style--right=\"state.imageButtonRight\"\n\t\t\tdata-wp-style--top=\"state.imageButtonTop\"\n\t\t>\n\t\t\t<svg xmlns=\"http:\/\/www.w3.org\/2000\/svg\" width=\"12\" height=\"12\" fill=\"none\" viewbox=\"0 0 12 12\">\n\t\t\t\t<path fill=\"#fff\" d=\"M2 0a2 2 0 0 0-2 2v2h1.5V2a.5.5 0 0 1 .5-.5h2V0H2Zm2 10.5H2a.5.5 0 0 1-.5-.5V8H0v2a2 2 0 0 0 2 2h2v-1.5ZM8 12v-1.5h2a.5.5 0 0 0 .5-.5V8H12v2a2 2 0 0 1-2 2H8Zm2-12a2 2 0 0 1 2 2v2h-1.5V2a.5.5 0 0 0-.5-.5H8V0h2Z\" \/>\n\t\t\t<\/svg>\n\t\t<\/button><\/figure>\n<\/div>\n\n\n\n<div class=\"wp-block-column is-layout-flow wp-block-column-is-layout-flow\">\n<figure data-wp-context=\"{&quot;imageId&quot;:&quot;69d297c9431d5&quot;}\" data-wp-interactive=\"core\/image\" class=\"wp-block-image size-full has-custom-border wp-lightbox-container\"><img loading=\"lazy\" decoding=\"async\" width=\"678\" height=\"509\" data-wp-class--hide=\"state.isContentHidden\" data-wp-class--show=\"state.isContentVisible\" data-wp-init=\"callbacks.setButtonStyles\" data-wp-on-async--click=\"actions.showLightbox\" data-wp-on-async--load=\"callbacks.setButtonStyles\" data-wp-on-async-window--resize=\"callbacks.setButtonStyles\" src=\"https:\/\/envima.es\/wp-content\/uploads\/2024\/10\/4-4-Teulada-a-SaRoda-5-6.jpg\" alt=\"\" class=\"wp-image-325\" style=\"border-radius:23px\" srcset=\"https:\/\/envima.es\/wp-content\/uploads\/2024\/10\/4-4-Teulada-a-SaRoda-5-6.jpg 678w, https:\/\/envima.es\/wp-content\/uploads\/2024\/10\/4-4-Teulada-a-SaRoda-5-6-300x225.jpg 300w\" sizes=\"auto, (max-width: 678px) 100vw, 678px\" \/><button\n\t\t\tclass=\"lightbox-trigger\"\n\t\t\ttype=\"button\"\n\t\t\taria-haspopup=\"dialog\"\n\t\t\taria-label=\"Agrandir l&#039;image\"\n\t\t\tdata-wp-init=\"callbacks.initTriggerButton\"\n\t\t\tdata-wp-on-async--click=\"actions.showLightbox\"\n\t\t\tdata-wp-style--right=\"state.imageButtonRight\"\n\t\t\tdata-wp-style--top=\"state.imageButtonTop\"\n\t\t>\n\t\t\t<svg xmlns=\"http:\/\/www.w3.org\/2000\/svg\" width=\"12\" height=\"12\" fill=\"none\" viewbox=\"0 0 12 12\">\n\t\t\t\t<path fill=\"#fff\" d=\"M2 0a2 2 0 0 0-2 2v2h1.5V2a.5.5 0 0 1 .5-.5h2V0H2Zm2 10.5H2a.5.5 0 0 1-.5-.5V8H0v2a2 2 0 0 0 2 2h2v-1.5ZM8 12v-1.5h2a.5.5 0 0 0 .5-.5V8H12v2a2 2 0 0 1-2 2H8Zm2-12a2 2 0 0 1 2 2v2h-1.5V2a.5.5 0 0 0-.5-.5H8V0h2Z\" \/>\n\t\t\t<\/svg>\n\t\t<\/button><\/figure>\n<\/div>\n<\/div>\n\n\n\n<div class=\"wp-block-cover alignfull is-light\" style=\"min-height:300px;aspect-ratio:unset;\"><span aria-hidden=\"true\" class=\"wp-block-cover__background has-background-dim-0 has-background-dim\" style=\"background-color:#00070c\"><\/span><img loading=\"lazy\" decoding=\"async\" width=\"1789\" height=\"2516\" class=\"wp-block-cover__image-background wp-image-363\" alt=\"\" src=\"https:\/\/envima.es\/wp-content\/uploads\/2024\/10\/Composicions-Envima-6.jpg\" style=\"object-position:56% 99%\" data-object-fit=\"cover\" data-object-position=\"56% 99%\" srcset=\"https:\/\/envima.es\/wp-content\/uploads\/2024\/10\/Composicions-Envima-6.jpg 1789w, https:\/\/envima.es\/wp-content\/uploads\/2024\/10\/Composicions-Envima-6-213x300.jpg 213w, https:\/\/envima.es\/wp-content\/uploads\/2024\/10\/Composicions-Envima-6-728x1024.jpg 728w, https:\/\/envima.es\/wp-content\/uploads\/2024\/10\/Composicions-Envima-6-768x1080.jpg 768w, https:\/\/envima.es\/wp-content\/uploads\/2024\/10\/Composicions-Envima-6-1092x1536.jpg 1092w, https:\/\/envima.es\/wp-content\/uploads\/2024\/10\/Composicions-Envima-6-1456x2048.jpg 1456w\" sizes=\"auto, (max-width: 1789px) 100vw, 1789px\" \/><div class=\"wp-block-cover__inner-container is-layout-flow wp-block-cover-is-layout-flow\">\n<div style=\"height:100px\" aria-hidden=\"true\" class=\"wp-block-spacer\"><\/div>\n\n\n\n<div class=\"wp-block-columns is-layout-flex wp-container-core-columns-is-layout-2 wp-block-columns-is-layout-flex\">\n<div class=\"wp-block-column is-layout-flow wp-block-column-is-layout-flow\" style=\"flex-basis:20%\"><\/div>\n\n\n\n<div class=\"wp-block-column is-layout-flow wp-block-column-is-layout-flow\" style=\"flex-basis:60%\">\n<div class=\"wp-block-group\"><div class=\"wp-block-group__inner-container is-layout-constrained wp-block-group-is-layout-constrained\">\n<h2 class=\"wp-block-heading has-text-align-center has-nv-c-2-color has-text-color\">Pr\u00eat \u00e0 d\u00e9marrer votre projet ?<\/h2>\n\n\n\n<p class=\"has-text-align-center has-nv-c-2-color has-text-color has-link-color wp-elements-4c279550b5c53ee8a5144035fd23df6b\">Au&nbsp;<strong>ENVIMA<\/strong>&nbsp;nous sommes l\u00e0 pour vous aider \u00e0 concr\u00e9tiser vos id\u00e9es, en garantissant la qualit\u00e9, la durabilit\u00e9 et l'efficacit\u00e9 \u00e0 chaque \u00e9tape du processus. <strong>Contactez-nous d\u00e8s aujourd'hui<\/strong>&nbsp;pour une consultation personnalis\u00e9e et d\u00e9couvrir comment nous pouvons faire de votre projet une r\u00e9ussite.<\/p>\n\n\n\n<div class=\"wp-block-buttons is-horizontal is-content-justification-center is-layout-flex wp-container-core-buttons-is-layout-1 wp-block-buttons-is-layout-flex\">\n<div class=\"wp-block-button is-style-default\"><a class=\"wp-block-button__link has-nv-site-bg-color has-neve-link-hover-color-background-color has-text-color has-background has-link-color wp-element-button\" href=\"https:\/\/envima.es\/fr\/contact\/\">Demande de consultation<\/a><\/div>\n<\/div>\n<\/div><\/div>\n<\/div>\n\n\n\n<div class=\"wp-block-column is-layout-flow wp-block-column-is-layout-flow\" style=\"flex-basis:20%\"><\/div>\n<\/div>\n\n\n\n<div style=\"height:196px\" aria-hidden=\"true\" class=\"wp-block-spacer\"><\/div>\n<\/div><\/div>","protected":false},"excerpt":{"rendered":"<p>Pour ENVIMA, la qualit\u00e9 est le moteur de tous les processus de travail, tant pour les services offerts que pour le d\u00e9veloppement immobilier du client (application du d\u00e9cret 375\/1988 et du C.T.E.-RD.314\/2006). Les cycles d'am\u00e9lioration continue sont la priorit\u00e9 d'ENVIMA et permettent d'\u00e9voluer \u00e0 chaque commande, en optimisant les services et en perfectionnant les proc\u00e9dures de contr\u00f4le sur le terrain.<\/p>","protected":false},"author":1,"featured_media":154,"parent":10,"menu_order":0,"comment_status":"closed","ping_status":"closed","template":"","meta":{"neve_meta_sidebar":"","neve_meta_container":"","neve_meta_enable_content_width":"","neve_meta_content_width":0,"neve_meta_title_alignment":"","neve_meta_author_avatar":"","neve_post_elements_order":"","neve_meta_disable_header":"","neve_meta_disable_footer":"","neve_meta_disable_title":"","footnotes":""},"class_list":["post-153","page","type-page","status-publish","has-post-thumbnail","hentry"],"_links":{"self":[{"href":"https:\/\/envima.es\/fr\/wp-json\/wp\/v2\/pages\/153","targetHints":{"allow":["GET"]}}],"collection":[{"href":"https:\/\/envima.es\/fr\/wp-json\/wp\/v2\/pages"}],"about":[{"href":"https:\/\/envima.es\/fr\/wp-json\/wp\/v2\/types\/page"}],"author":[{"embeddable":true,"href":"https:\/\/envima.es\/fr\/wp-json\/wp\/v2\/users\/1"}],"replies":[{"embeddable":true,"href":"https:\/\/envima.es\/fr\/wp-json\/wp\/v2\/comments?post=153"}],"version-history":[{"count":9,"href":"https:\/\/envima.es\/fr\/wp-json\/wp\/v2\/pages\/153\/revisions"}],"predecessor-version":[{"id":435,"href":"https:\/\/envima.es\/fr\/wp-json\/wp\/v2\/pages\/153\/revisions\/435"}],"up":[{"embeddable":true,"href":"https:\/\/envima.es\/fr\/wp-json\/wp\/v2\/pages\/10"}],"wp:featuredmedia":[{"embeddable":true,"href":"https:\/\/envima.es\/fr\/wp-json\/wp\/v2\/media\/154"}],"wp:attachment":[{"href":"https:\/\/envima.es\/fr\/wp-json\/wp\/v2\/media?parent=153"}],"curies":[{"name":"wp","href":"https:\/\/api.w.org\/{rel}","templated":true}]}}