{"id":164,"date":"2024-09-30T20:29:28","date_gmt":"2024-09-30T20:29:28","guid":{"rendered":"https:\/\/envima.es\/?page_id=164"},"modified":"2024-10-31T16:42:33","modified_gmt":"2024-10-31T16:42:33","slug":"proyectos-tecnicos-e-informes","status":"publish","type":"page","link":"https:\/\/envima.es\/fr\/servicios\/proyectos-tecnicos-e-informes\/","title":{"rendered":"Projets et rapports techniques"},"content":{"rendered":"<p class=\"has-text-align-left has-neve-text-color-color has-text-color has-medium-font-size\" style=\"padding-top:0;padding-right:0;padding-bottom:0;padding-left:0\">La r\u00e9daction des projets est un processus tr\u00e8s complexe qui commence par la cr\u00e9ation conceptuelle et prend la forme de documents techniques avec des sp\u00e9cifications et des justifications pour une conformit\u00e9 r\u00e9glementaire \u00e9tendue. \u00c0 l'heure actuelle, la r\u00e9daction d'un projet est un processus tr\u00e8s complexe.&nbsp;<strong>ENVIMA<\/strong>&nbsp;Nous avons une connaissance approfondie du cadre r\u00e9glementaire de la construction et nous avons une grande capacit\u00e9 \u00e0 rendre un projet pleinement ex\u00e9cutif.<\/p>\n\n\n\n<p class=\"has-text-align-left has-neve-text-color-color has-text-color has-medium-font-size\" style=\"padding-top:0;padding-right:0;padding-bottom:0;padding-left:0\">D'autre part, en&nbsp;<strong>ENVIMA<\/strong>&nbsp;Nous pouvons \u00e9galement r\u00e9diger des rapports techniques pour rendre des d\u00e9cisions, proposer des actions, \u00e9valuer des travaux ou r\u00e9soudre toutes sortes de cas.<\/p>\n\n\n\n<p class=\"has-text-align-left has-neve-text-color-color has-text-color has-medium-font-size\" style=\"padding-top:0;padding-right:0;padding-bottom:0;padding-left:0\">Nos services travaillent aussi bien au sein d'\u00e9quipes plus importantes que de mani\u00e8re totalement autonome.<\/p>\n\n\n\n<ul class=\"wp-block-list\">\n<li class=\"has-medium-font-size\">La r\u00e9daction des projets est un processus tr\u00e8s complexe qui commence par la cr\u00e9ation conceptuelle et prend la forme de documents techniques avec des sp\u00e9cifications et des justifications pour une conformit\u00e9 r\u00e9glementaire \u00e9tendue. \u00c0 l'heure actuelle, la r\u00e9daction d'un projet est un processus tr\u00e8s complexe.\u00a0<strong>ENVIMA<\/strong>\u00a0Nous avons une connaissance approfondie du cadre r\u00e9glementaire de la construction et nous avons une grande capacit\u00e9 \u00e0 rendre un projet pleinement ex\u00e9cutif.<\/li>\n\n\n\n<li class=\"has-medium-font-size\">D'autre part, en\u00a0<strong>ENVIMA<\/strong>\u00a0Nous pouvons \u00e9galement r\u00e9diger des rapports techniques pour rendre des d\u00e9cisions, proposer des actions, \u00e9valuer des travaux ou r\u00e9soudre toutes sortes de cas.<\/li>\n\n\n\n<li class=\"has-medium-font-size\">Nos services travaillent aussi bien au sein d'\u00e9quipes plus importantes que de mani\u00e8re totalement autonome.<\/li>\n<\/ul>\n\n\n\n<div style=\"height:50px\" aria-hidden=\"true\" class=\"wp-block-spacer\"><\/div>\n\n\n\n<div class=\"wp-block-columns is-layout-flex wp-container-core-columns-is-layout-1 wp-block-columns-is-layout-flex\">\n<div class=\"wp-block-column is-layout-flow wp-block-column-is-layout-flow\">\n<figure data-wp-context=\"{&quot;imageId&quot;:&quot;69f8a66a394e1&quot;}\" data-wp-interactive=\"core\/image\" class=\"wp-block-image size-full has-custom-border wp-lightbox-container\"><img loading=\"lazy\" decoding=\"async\" width=\"678\" height=\"509\" data-wp-class--hide=\"state.isContentHidden\" data-wp-class--show=\"state.isContentVisible\" data-wp-init=\"callbacks.setButtonStyles\" data-wp-on-async--click=\"actions.showLightbox\" data-wp-on-async--load=\"callbacks.setButtonStyles\" data-wp-on-async-window--resize=\"callbacks.setButtonStyles\" src=\"https:\/\/envima.es\/wp-content\/uploads\/2024\/10\/6-1-Dogland.png\" alt=\"\" class=\"wp-image-439\" style=\"border-radius:23px\" srcset=\"https:\/\/envima.es\/wp-content\/uploads\/2024\/10\/6-1-Dogland.png 678w, https:\/\/envima.es\/wp-content\/uploads\/2024\/10\/6-1-Dogland-300x225.png 300w\" sizes=\"auto, (max-width: 678px) 100vw, 678px\" \/><button\n\t\t\tclass=\"lightbox-trigger\"\n\t\t\ttype=\"button\"\n\t\t\taria-haspopup=\"dialog\"\n\t\t\taria-label=\"Agrandir l&#039;image\"\n\t\t\tdata-wp-init=\"callbacks.initTriggerButton\"\n\t\t\tdata-wp-on-async--click=\"actions.showLightbox\"\n\t\t\tdata-wp-style--right=\"state.imageButtonRight\"\n\t\t\tdata-wp-style--top=\"state.imageButtonTop\"\n\t\t>\n\t\t\t<svg xmlns=\"http:\/\/www.w3.org\/2000\/svg\" width=\"12\" height=\"12\" fill=\"none\" viewbox=\"0 0 12 12\">\n\t\t\t\t<path fill=\"#fff\" d=\"M2 0a2 2 0 0 0-2 2v2h1.5V2a.5.5 0 0 1 .5-.5h2V0H2Zm2 10.5H2a.5.5 0 0 1-.5-.5V8H0v2a2 2 0 0 0 2 2h2v-1.5ZM8 12v-1.5h2a.5.5 0 0 0 .5-.5V8H12v2a2 2 0 0 1-2 2H8Zm2-12a2 2 0 0 1 2 2v2h-1.5V2a.5.5 0 0 0-.5-.5H8V0h2Z\" \/>\n\t\t\t<\/svg>\n\t\t<\/button><\/figure>\n<\/div>\n\n\n\n<div class=\"wp-block-column is-layout-flow wp-block-column-is-layout-flow\">\n<figure data-wp-context=\"{&quot;imageId&quot;:&quot;69f8a66a39c6a&quot;}\" data-wp-interactive=\"core\/image\" class=\"wp-block-image size-full has-custom-border wp-lightbox-container\"><img loading=\"lazy\" decoding=\"async\" width=\"678\" height=\"509\" data-wp-class--hide=\"state.isContentHidden\" data-wp-class--show=\"state.isContentVisible\" data-wp-init=\"callbacks.setButtonStyles\" data-wp-on-async--click=\"actions.showLightbox\" data-wp-on-async--load=\"callbacks.setButtonStyles\" data-wp-on-async-window--resize=\"callbacks.setButtonStyles\" src=\"https:\/\/envima.es\/wp-content\/uploads\/2024\/10\/6-2-Treball-INNOCONS-2012.jpg\" alt=\"\" class=\"wp-image-440\" style=\"border-radius:23px\" srcset=\"https:\/\/envima.es\/wp-content\/uploads\/2024\/10\/6-2-Treball-INNOCONS-2012.jpg 678w, https:\/\/envima.es\/wp-content\/uploads\/2024\/10\/6-2-Treball-INNOCONS-2012-300x225.jpg 300w\" sizes=\"auto, (max-width: 678px) 100vw, 678px\" \/><button\n\t\t\tclass=\"lightbox-trigger\"\n\t\t\ttype=\"button\"\n\t\t\taria-haspopup=\"dialog\"\n\t\t\taria-label=\"Agrandir l&#039;image\"\n\t\t\tdata-wp-init=\"callbacks.initTriggerButton\"\n\t\t\tdata-wp-on-async--click=\"actions.showLightbox\"\n\t\t\tdata-wp-style--right=\"state.imageButtonRight\"\n\t\t\tdata-wp-style--top=\"state.imageButtonTop\"\n\t\t>\n\t\t\t<svg xmlns=\"http:\/\/www.w3.org\/2000\/svg\" width=\"12\" height=\"12\" fill=\"none\" viewbox=\"0 0 12 12\">\n\t\t\t\t<path fill=\"#fff\" d=\"M2 0a2 2 0 0 0-2 2v2h1.5V2a.5.5 0 0 1 .5-.5h2V0H2Zm2 10.5H2a.5.5 0 0 1-.5-.5V8H0v2a2 2 0 0 0 2 2h2v-1.5ZM8 12v-1.5h2a.5.5 0 0 0 .5-.5V8H12v2a2 2 0 0 1-2 2H8Zm2-12a2 2 0 0 1 2 2v2h-1.5V2a.5.5 0 0 0-.5-.5H8V0h2Z\" \/>\n\t\t\t<\/svg>\n\t\t<\/button><\/figure>\n<\/div>\n\n\n\n<div class=\"wp-block-column is-layout-flow wp-block-column-is-layout-flow\">\n<figure data-wp-context=\"{&quot;imageId&quot;:&quot;69f8a66a3a044&quot;}\" data-wp-interactive=\"core\/image\" class=\"wp-block-image size-full has-custom-border wp-lightbox-container\"><img loading=\"lazy\" decoding=\"async\" width=\"678\" height=\"509\" data-wp-class--hide=\"state.isContentHidden\" data-wp-class--show=\"state.isContentVisible\" data-wp-init=\"callbacks.setButtonStyles\" data-wp-on-async--click=\"actions.showLightbox\" data-wp-on-async--load=\"callbacks.setButtonStyles\" data-wp-on-async-window--resize=\"callbacks.setButtonStyles\" src=\"https:\/\/envima.es\/wp-content\/uploads\/2024\/10\/6-3-Estudi-de-Gestio-de-Residus.png\" alt=\"\" class=\"wp-image-441\" style=\"border-radius:23px\" srcset=\"https:\/\/envima.es\/wp-content\/uploads\/2024\/10\/6-3-Estudi-de-Gestio-de-Residus.png 678w, https:\/\/envima.es\/wp-content\/uploads\/2024\/10\/6-3-Estudi-de-Gestio-de-Residus-300x225.png 300w\" sizes=\"auto, (max-width: 678px) 100vw, 678px\" \/><button\n\t\t\tclass=\"lightbox-trigger\"\n\t\t\ttype=\"button\"\n\t\t\taria-haspopup=\"dialog\"\n\t\t\taria-label=\"Agrandir l&#039;image\"\n\t\t\tdata-wp-init=\"callbacks.initTriggerButton\"\n\t\t\tdata-wp-on-async--click=\"actions.showLightbox\"\n\t\t\tdata-wp-style--right=\"state.imageButtonRight\"\n\t\t\tdata-wp-style--top=\"state.imageButtonTop\"\n\t\t>\n\t\t\t<svg xmlns=\"http:\/\/www.w3.org\/2000\/svg\" width=\"12\" height=\"12\" fill=\"none\" viewbox=\"0 0 12 12\">\n\t\t\t\t<path fill=\"#fff\" d=\"M2 0a2 2 0 0 0-2 2v2h1.5V2a.5.5 0 0 1 .5-.5h2V0H2Zm2 10.5H2a.5.5 0 0 1-.5-.5V8H0v2a2 2 0 0 0 2 2h2v-1.5ZM8 12v-1.5h2a.5.5 0 0 0 .5-.5V8H12v2a2 2 0 0 1-2 2H8Zm2-12a2 2 0 0 1 2 2v2h-1.5V2a.5.5 0 0 0-.5-.5H8V0h2Z\" \/>\n\t\t\t<\/svg>\n\t\t<\/button><\/figure>\n<\/div>\n\n\n\n<div class=\"wp-block-column is-layout-flow wp-block-column-is-layout-flow\">\n<figure data-wp-context=\"{&quot;imageId&quot;:&quot;69f8a66a3a40d&quot;}\" data-wp-interactive=\"core\/image\" class=\"wp-block-image size-full has-custom-border wp-lightbox-container\"><img loading=\"lazy\" decoding=\"async\" width=\"678\" height=\"509\" data-wp-class--hide=\"state.isContentHidden\" data-wp-class--show=\"state.isContentVisible\" data-wp-init=\"callbacks.setButtonStyles\" data-wp-on-async--click=\"actions.showLightbox\" data-wp-on-async--load=\"callbacks.setButtonStyles\" data-wp-on-async-window--resize=\"callbacks.setButtonStyles\" src=\"https:\/\/envima.es\/wp-content\/uploads\/2024\/10\/6-4-Edifici-Blanc.jpg\" alt=\"\" class=\"wp-image-442\" style=\"border-radius:23px\" srcset=\"https:\/\/envima.es\/wp-content\/uploads\/2024\/10\/6-4-Edifici-Blanc.jpg 678w, https:\/\/envima.es\/wp-content\/uploads\/2024\/10\/6-4-Edifici-Blanc-300x225.jpg 300w\" sizes=\"auto, (max-width: 678px) 100vw, 678px\" \/><button\n\t\t\tclass=\"lightbox-trigger\"\n\t\t\ttype=\"button\"\n\t\t\taria-haspopup=\"dialog\"\n\t\t\taria-label=\"Agrandir l&#039;image\"\n\t\t\tdata-wp-init=\"callbacks.initTriggerButton\"\n\t\t\tdata-wp-on-async--click=\"actions.showLightbox\"\n\t\t\tdata-wp-style--right=\"state.imageButtonRight\"\n\t\t\tdata-wp-style--top=\"state.imageButtonTop\"\n\t\t>\n\t\t\t<svg xmlns=\"http:\/\/www.w3.org\/2000\/svg\" width=\"12\" height=\"12\" fill=\"none\" viewbox=\"0 0 12 12\">\n\t\t\t\t<path fill=\"#fff\" d=\"M2 0a2 2 0 0 0-2 2v2h1.5V2a.5.5 0 0 1 .5-.5h2V0H2Zm2 10.5H2a.5.5 0 0 1-.5-.5V8H0v2a2 2 0 0 0 2 2h2v-1.5ZM8 12v-1.5h2a.5.5 0 0 0 .5-.5V8H12v2a2 2 0 0 1-2 2H8Zm2-12a2 2 0 0 1 2 2v2h-1.5V2a.5.5 0 0 0-.5-.5H8V0h2Z\" \/>\n\t\t\t<\/svg>\n\t\t<\/button><\/figure>\n<\/div>\n<\/div>\n\n\n\n<div class=\"wp-block-cover alignfull is-light\" style=\"min-height:300px;aspect-ratio:unset;\"><span aria-hidden=\"true\" class=\"wp-block-cover__background has-background-dim-0 has-background-dim\" style=\"background-color:#00070c\"><\/span><img loading=\"lazy\" decoding=\"async\" width=\"1789\" height=\"2516\" class=\"wp-block-cover__image-background wp-image-363\" alt=\"\" src=\"https:\/\/envima.es\/wp-content\/uploads\/2024\/10\/Composicions-Envima-6.jpg\" style=\"object-position:56% 99%\" data-object-fit=\"cover\" data-object-position=\"56% 99%\" srcset=\"https:\/\/envima.es\/wp-content\/uploads\/2024\/10\/Composicions-Envima-6.jpg 1789w, https:\/\/envima.es\/wp-content\/uploads\/2024\/10\/Composicions-Envima-6-213x300.jpg 213w, https:\/\/envima.es\/wp-content\/uploads\/2024\/10\/Composicions-Envima-6-728x1024.jpg 728w, https:\/\/envima.es\/wp-content\/uploads\/2024\/10\/Composicions-Envima-6-768x1080.jpg 768w, https:\/\/envima.es\/wp-content\/uploads\/2024\/10\/Composicions-Envima-6-1092x1536.jpg 1092w, https:\/\/envima.es\/wp-content\/uploads\/2024\/10\/Composicions-Envima-6-1456x2048.jpg 1456w\" sizes=\"auto, (max-width: 1789px) 100vw, 1789px\" \/><div class=\"wp-block-cover__inner-container is-layout-flow wp-block-cover-is-layout-flow\">\n<div style=\"height:100px\" aria-hidden=\"true\" class=\"wp-block-spacer\"><\/div>\n\n\n\n<div class=\"wp-block-columns is-layout-flex wp-container-core-columns-is-layout-2 wp-block-columns-is-layout-flex\">\n<div class=\"wp-block-column is-layout-flow wp-block-column-is-layout-flow\" style=\"flex-basis:20%\"><\/div>\n\n\n\n<div class=\"wp-block-column is-layout-flow wp-block-column-is-layout-flow\" style=\"flex-basis:60%\">\n<div class=\"wp-block-group\"><div class=\"wp-block-group__inner-container is-layout-constrained wp-block-group-is-layout-constrained\">\n<h2 class=\"wp-block-heading has-text-align-center has-nv-c-2-color has-text-color\">Pr\u00eat \u00e0 d\u00e9marrer votre projet ?<\/h2>\n\n\n\n<p class=\"has-text-align-center has-nv-c-2-color has-text-color has-link-color wp-elements-4c279550b5c53ee8a5144035fd23df6b\">Au&nbsp;<strong>ENVIMA<\/strong>&nbsp;nous sommes l\u00e0 pour vous aider \u00e0 concr\u00e9tiser vos id\u00e9es, en garantissant la qualit\u00e9, la durabilit\u00e9 et l'efficacit\u00e9 \u00e0 chaque \u00e9tape du processus. <strong>Contactez-nous d\u00e8s aujourd'hui<\/strong>&nbsp;pour une consultation personnalis\u00e9e et d\u00e9couvrir comment nous pouvons faire de votre projet une r\u00e9ussite.<\/p>\n\n\n\n<div class=\"wp-block-buttons is-horizontal is-content-justification-center is-layout-flex wp-container-core-buttons-is-layout-1 wp-block-buttons-is-layout-flex\">\n<div class=\"wp-block-button is-style-default\"><a class=\"wp-block-button__link has-nv-site-bg-color has-neve-link-hover-color-background-color has-text-color has-background has-link-color wp-element-button\" href=\"https:\/\/envima.es\/fr\/contact\/\">Demande de consultation<\/a><\/div>\n<\/div>\n<\/div><\/div>\n<\/div>\n\n\n\n<div class=\"wp-block-column is-layout-flow wp-block-column-is-layout-flow\" style=\"flex-basis:20%\"><\/div>\n<\/div>\n\n\n\n<div style=\"height:196px\" aria-hidden=\"true\" class=\"wp-block-spacer\"><\/div>\n<\/div><\/div>","protected":false},"excerpt":{"rendered":"<p>La r\u00e9daction de projets est un processus tr\u00e8s complexe qui commence par la cr\u00e9ation conceptuelle et prend forme dans des documents techniques avec des sp\u00e9cifications et des justifications d'une conformit\u00e9 r\u00e9glementaire tr\u00e8s \u00e9tendue. Chez ENVIMA, nous avons une connaissance approfondie du cadre r\u00e9glementaire de la construction et nous avons une grande capacit\u00e9 \u00e0 rendre un projet pleinement ex\u00e9cutif. D'autre part, chez ENVIMA nous...&nbsp;<a href=\"https:\/\/envima.es\/fr\/servicios\/proyectos-tecnicos-e-informes\/\" rel=\"bookmark\">Lire la suite \"<span class=\"screen-reader-text\">Projets et rapports techniques<\/span><\/a><\/p>","protected":false},"author":1,"featured_media":165,"parent":10,"menu_order":0,"comment_status":"closed","ping_status":"open","template":"","meta":{"neve_meta_sidebar":"","neve_meta_container":"","neve_meta_enable_content_width":"","neve_meta_content_width":0,"neve_meta_title_alignment":"","neve_meta_author_avatar":"","neve_post_elements_order":"","neve_meta_disable_header":"","neve_meta_disable_footer":"","neve_meta_disable_title":"","footnotes":""},"class_list":["post-164","page","type-page","status-publish","has-post-thumbnail","hentry"],"_links":{"self":[{"href":"https:\/\/envima.es\/fr\/wp-json\/wp\/v2\/pages\/164","targetHints":{"allow":["GET"]}}],"collection":[{"href":"https:\/\/envima.es\/fr\/wp-json\/wp\/v2\/pages"}],"about":[{"href":"https:\/\/envima.es\/fr\/wp-json\/wp\/v2\/types\/page"}],"author":[{"embeddable":true,"href":"https:\/\/envima.es\/fr\/wp-json\/wp\/v2\/users\/1"}],"replies":[{"embeddable":true,"href":"https:\/\/envima.es\/fr\/wp-json\/wp\/v2\/comments?post=164"}],"version-history":[{"count":2,"href":"https:\/\/envima.es\/fr\/wp-json\/wp\/v2\/pages\/164\/revisions"}],"predecessor-version":[{"id":443,"href":"https:\/\/envima.es\/fr\/wp-json\/wp\/v2\/pages\/164\/revisions\/443"}],"up":[{"embeddable":true,"href":"https:\/\/envima.es\/fr\/wp-json\/wp\/v2\/pages\/10"}],"wp:featuredmedia":[{"embeddable":true,"href":"https:\/\/envima.es\/fr\/wp-json\/wp\/v2\/media\/165"}],"wp:attachment":[{"href":"https:\/\/envima.es\/fr\/wp-json\/wp\/v2\/media?parent=164"}],"curies":[{"name":"wp","href":"https:\/\/api.w.org\/{rel}","templated":true}]}}