{"id":170,"date":"2024-09-30T20:34:25","date_gmt":"2024-09-30T20:34:25","guid":{"rendered":"https:\/\/envima.es\/?page_id=170"},"modified":"2024-10-31T16:13:36","modified_gmt":"2024-10-31T16:13:36","slug":"formacion-y-difusion-de-conocimiento-2","status":"publish","type":"page","link":"https:\/\/envima.es\/fr\/servicios\/formacion-y-difusion-de-conocimiento-2\/","title":{"rendered":"Formation et diffusion des connaissances"},"content":{"rendered":"<p>Au&nbsp;<strong>ENVIMA<\/strong>&nbsp;nous voulons partager nos connaissances et notre exp\u00e9rience, tout en apprenant les uns des autres chaque jour.<\/p>\n\n\n\n<p> La valeur ajout\u00e9e apport\u00e9e par le transfert de connaissances ou la collaboration au sein d'\u00e9quipes de recherche et de discussion d\u00e9bouche sur une s\u00e9rie d'actions :<\/p>\n\n\n\n<ul class=\"wp-block-list\">\n<li>Participation \u00e0 des cours en ligne sur la gestion de projets.<\/li>\n\n\n\n<li>Organisation de conf\u00e9rences sur le d\u00e9veloppement durable dans les universit\u00e9s.<\/li>\n\n\n\n<li>R\u00e9daction de documents sur l'innovation dans la construction.<\/li>\n\n\n\n<li>Collaboration au d\u00e9veloppement de logiciels pour l'architecture.<\/li>\n<\/ul>\n\n\n\n<div style=\"height:28px\" aria-hidden=\"true\" class=\"wp-block-spacer\"><\/div>\n\n\n\n<div class=\"wp-block-columns is-layout-flex wp-container-core-columns-is-layout-1 wp-block-columns-is-layout-flex\">\n<div class=\"wp-block-column is-layout-flow wp-block-column-is-layout-flow\">\n<figure data-wp-context=\"{&quot;imageId&quot;:&quot;69f8a66c3c522&quot;}\" data-wp-interactive=\"core\/image\" class=\"wp-block-image size-full is-resized has-custom-border wp-lightbox-container\"><img loading=\"lazy\" decoding=\"async\" width=\"678\" height=\"509\" data-wp-class--hide=\"state.isContentHidden\" data-wp-class--show=\"state.isContentVisible\" data-wp-init=\"callbacks.setButtonStyles\" data-wp-on-async--click=\"actions.showLightbox\" data-wp-on-async--load=\"callbacks.setButtonStyles\" data-wp-on-async-window--resize=\"callbacks.setButtonStyles\" src=\"https:\/\/envima.es\/wp-content\/uploads\/2024\/10\/5-1-Verde-RH.jpg\" alt=\"\" class=\"wp-image-331\" style=\"border-radius:23px;width:288px;height:auto\" srcset=\"https:\/\/envima.es\/wp-content\/uploads\/2024\/10\/5-1-Verde-RH.jpg 678w, https:\/\/envima.es\/wp-content\/uploads\/2024\/10\/5-1-Verde-RH-300x225.jpg 300w\" sizes=\"auto, (max-width: 678px) 100vw, 678px\" \/><button\n\t\t\tclass=\"lightbox-trigger\"\n\t\t\ttype=\"button\"\n\t\t\taria-haspopup=\"dialog\"\n\t\t\taria-label=\"Agrandir l&#039;image\"\n\t\t\tdata-wp-init=\"callbacks.initTriggerButton\"\n\t\t\tdata-wp-on-async--click=\"actions.showLightbox\"\n\t\t\tdata-wp-style--right=\"state.imageButtonRight\"\n\t\t\tdata-wp-style--top=\"state.imageButtonTop\"\n\t\t>\n\t\t\t<svg xmlns=\"http:\/\/www.w3.org\/2000\/svg\" width=\"12\" height=\"12\" fill=\"none\" viewbox=\"0 0 12 12\">\n\t\t\t\t<path fill=\"#fff\" d=\"M2 0a2 2 0 0 0-2 2v2h1.5V2a.5.5 0 0 1 .5-.5h2V0H2Zm2 10.5H2a.5.5 0 0 1-.5-.5V8H0v2a2 2 0 0 0 2 2h2v-1.5ZM8 12v-1.5h2a.5.5 0 0 0 .5-.5V8H12v2a2 2 0 0 1-2 2H8Zm2-12a2 2 0 0 1 2 2v2h-1.5V2a.5.5 0 0 0-.5-.5H8V0h2Z\" \/>\n\t\t\t<\/svg>\n\t\t<\/button><\/figure>\n<\/div>\n\n\n\n<div class=\"wp-block-column is-layout-flow wp-block-column-is-layout-flow\">\n<figure data-wp-context=\"{&quot;imageId&quot;:&quot;69f8a66c3cc9c&quot;}\" data-wp-interactive=\"core\/image\" class=\"wp-block-image size-full is-resized has-custom-border wp-lightbox-container\"><img loading=\"lazy\" decoding=\"async\" width=\"678\" height=\"509\" data-wp-class--hide=\"state.isContentHidden\" data-wp-class--show=\"state.isContentVisible\" data-wp-init=\"callbacks.setButtonStyles\" data-wp-on-async--click=\"actions.showLightbox\" data-wp-on-async--load=\"callbacks.setButtonStyles\" data-wp-on-async-window--resize=\"callbacks.setButtonStyles\" src=\"https:\/\/envima.es\/wp-content\/uploads\/2024\/10\/5-2-Cartel-Alicante.jpg\" alt=\"\" class=\"wp-image-332\" style=\"border-radius:23px;width:290px;height:auto\" srcset=\"https:\/\/envima.es\/wp-content\/uploads\/2024\/10\/5-2-Cartel-Alicante.jpg 678w, https:\/\/envima.es\/wp-content\/uploads\/2024\/10\/5-2-Cartel-Alicante-300x225.jpg 300w\" sizes=\"auto, (max-width: 678px) 100vw, 678px\" \/><button\n\t\t\tclass=\"lightbox-trigger\"\n\t\t\ttype=\"button\"\n\t\t\taria-haspopup=\"dialog\"\n\t\t\taria-label=\"Agrandir l&#039;image\"\n\t\t\tdata-wp-init=\"callbacks.initTriggerButton\"\n\t\t\tdata-wp-on-async--click=\"actions.showLightbox\"\n\t\t\tdata-wp-style--right=\"state.imageButtonRight\"\n\t\t\tdata-wp-style--top=\"state.imageButtonTop\"\n\t\t>\n\t\t\t<svg xmlns=\"http:\/\/www.w3.org\/2000\/svg\" width=\"12\" height=\"12\" fill=\"none\" viewbox=\"0 0 12 12\">\n\t\t\t\t<path fill=\"#fff\" d=\"M2 0a2 2 0 0 0-2 2v2h1.5V2a.5.5 0 0 1 .5-.5h2V0H2Zm2 10.5H2a.5.5 0 0 1-.5-.5V8H0v2a2 2 0 0 0 2 2h2v-1.5ZM8 12v-1.5h2a.5.5 0 0 0 .5-.5V8H12v2a2 2 0 0 1-2 2H8Zm2-12a2 2 0 0 1 2 2v2h-1.5V2a.5.5 0 0 0-.5-.5H8V0h2Z\" \/>\n\t\t\t<\/svg>\n\t\t<\/button><\/figure>\n<\/div>\n\n\n\n<div class=\"wp-block-column is-layout-flow wp-block-column-is-layout-flow\">\n<figure data-wp-context=\"{&quot;imageId&quot;:&quot;69f8a66c3dfff&quot;}\" data-wp-interactive=\"core\/image\" class=\"wp-block-image size-full is-resized has-custom-border wp-lightbox-container\"><img loading=\"lazy\" decoding=\"async\" width=\"320\" height=\"240\" data-wp-class--hide=\"state.isContentHidden\" data-wp-class--show=\"state.isContentVisible\" data-wp-init=\"callbacks.setButtonStyles\" data-wp-on-async--click=\"actions.showLightbox\" data-wp-on-async--load=\"callbacks.setButtonStyles\" data-wp-on-async-window--resize=\"callbacks.setButtonStyles\" src=\"https:\/\/envima.es\/wp-content\/uploads\/2024\/10\/5-3-Xerrada-Aparelladors.jpeg\" alt=\"\" class=\"wp-image-333\" style=\"border-radius:23px;width:288px;height:auto\" srcset=\"https:\/\/envima.es\/wp-content\/uploads\/2024\/10\/5-3-Xerrada-Aparelladors.jpeg 320w, https:\/\/envima.es\/wp-content\/uploads\/2024\/10\/5-3-Xerrada-Aparelladors-300x225.jpeg 300w\" sizes=\"auto, (max-width: 320px) 100vw, 320px\" \/><button\n\t\t\tclass=\"lightbox-trigger\"\n\t\t\ttype=\"button\"\n\t\t\taria-haspopup=\"dialog\"\n\t\t\taria-label=\"Agrandir l&#039;image\"\n\t\t\tdata-wp-init=\"callbacks.initTriggerButton\"\n\t\t\tdata-wp-on-async--click=\"actions.showLightbox\"\n\t\t\tdata-wp-style--right=\"state.imageButtonRight\"\n\t\t\tdata-wp-style--top=\"state.imageButtonTop\"\n\t\t>\n\t\t\t<svg xmlns=\"http:\/\/www.w3.org\/2000\/svg\" width=\"12\" height=\"12\" fill=\"none\" viewbox=\"0 0 12 12\">\n\t\t\t\t<path fill=\"#fff\" d=\"M2 0a2 2 0 0 0-2 2v2h1.5V2a.5.5 0 0 1 .5-.5h2V0H2Zm2 10.5H2a.5.5 0 0 1-.5-.5V8H0v2a2 2 0 0 0 2 2h2v-1.5ZM8 12v-1.5h2a.5.5 0 0 0 .5-.5V8H12v2a2 2 0 0 1-2 2H8Zm2-12a2 2 0 0 1 2 2v2h-1.5V2a.5.5 0 0 0-.5-.5H8V0h2Z\" \/>\n\t\t\t<\/svg>\n\t\t<\/button><\/figure>\n<\/div>\n\n\n\n<div class=\"wp-block-column is-layout-flow wp-block-column-is-layout-flow\">\n<figure data-wp-context=\"{&quot;imageId&quot;:&quot;69f8a66c3e46f&quot;}\" data-wp-interactive=\"core\/image\" class=\"wp-block-image size-full is-resized has-custom-border wp-lightbox-container\"><img loading=\"lazy\" decoding=\"async\" width=\"678\" height=\"509\" data-wp-class--hide=\"state.isContentHidden\" data-wp-class--show=\"state.isContentVisible\" data-wp-init=\"callbacks.setButtonStyles\" data-wp-on-async--click=\"actions.showLightbox\" data-wp-on-async--load=\"callbacks.setButtonStyles\" data-wp-on-async-window--resize=\"callbacks.setButtonStyles\" src=\"https:\/\/envima.es\/wp-content\/uploads\/2024\/10\/5-4-Xerrada-CONSTRUJOVE-2010.jpg\" alt=\"\" class=\"wp-image-334\" style=\"border-radius:23px;width:288px;height:auto\" srcset=\"https:\/\/envima.es\/wp-content\/uploads\/2024\/10\/5-4-Xerrada-CONSTRUJOVE-2010.jpg 678w, https:\/\/envima.es\/wp-content\/uploads\/2024\/10\/5-4-Xerrada-CONSTRUJOVE-2010-300x225.jpg 300w\" sizes=\"auto, (max-width: 678px) 100vw, 678px\" \/><button\n\t\t\tclass=\"lightbox-trigger\"\n\t\t\ttype=\"button\"\n\t\t\taria-haspopup=\"dialog\"\n\t\t\taria-label=\"Agrandir l&#039;image\"\n\t\t\tdata-wp-init=\"callbacks.initTriggerButton\"\n\t\t\tdata-wp-on-async--click=\"actions.showLightbox\"\n\t\t\tdata-wp-style--right=\"state.imageButtonRight\"\n\t\t\tdata-wp-style--top=\"state.imageButtonTop\"\n\t\t>\n\t\t\t<svg xmlns=\"http:\/\/www.w3.org\/2000\/svg\" width=\"12\" height=\"12\" fill=\"none\" viewbox=\"0 0 12 12\">\n\t\t\t\t<path fill=\"#fff\" d=\"M2 0a2 2 0 0 0-2 2v2h1.5V2a.5.5 0 0 1 .5-.5h2V0H2Zm2 10.5H2a.5.5 0 0 1-.5-.5V8H0v2a2 2 0 0 0 2 2h2v-1.5ZM8 12v-1.5h2a.5.5 0 0 0 .5-.5V8H12v2a2 2 0 0 1-2 2H8Zm2-12a2 2 0 0 1 2 2v2h-1.5V2a.5.5 0 0 0-.5-.5H8V0h2Z\" \/>\n\t\t\t<\/svg>\n\t\t<\/button><\/figure>\n<\/div>\n<\/div>\n\n\n\n<div style=\"height:100px\" aria-hidden=\"true\" class=\"wp-block-spacer\"><\/div>\n\n\n\n<div class=\"wp-block-cover alignfull has-nv-text-dark-bg-color has-text-color has-link-color wp-elements-981164bb5837aa43f31b5d4c70163e5e\" style=\"min-height:587px;aspect-ratio:unset;\"><span aria-hidden=\"true\" class=\"wp-block-cover__background has-nv-site-bg-background-color has-background-dim-100 has-background-dim\"><\/span><div class=\"wp-block-cover__inner-container is-layout-flow wp-block-cover-is-layout-flow\">\n<div class=\"wp-block-cover alignfull is-light\" style=\"min-height:600px;aspect-ratio:unset;\"><span aria-hidden=\"true\" class=\"wp-block-cover__background has-nv-light-bg-background-color has-background-dim-0 has-background-dim\"><\/span><img loading=\"lazy\" decoding=\"async\" width=\"1789\" height=\"2516\" class=\"wp-block-cover__image-background wp-image-373\" alt=\"\" src=\"https:\/\/envima.es\/wp-content\/uploads\/2024\/10\/Composicions-Envima-2-1.jpg\" data-object-fit=\"cover\" srcset=\"https:\/\/envima.es\/wp-content\/uploads\/2024\/10\/Composicions-Envima-2-1.jpg 1789w, https:\/\/envima.es\/wp-content\/uploads\/2024\/10\/Composicions-Envima-2-1-213x300.jpg 213w, https:\/\/envima.es\/wp-content\/uploads\/2024\/10\/Composicions-Envima-2-1-728x1024.jpg 728w, https:\/\/envima.es\/wp-content\/uploads\/2024\/10\/Composicions-Envima-2-1-768x1080.jpg 768w, https:\/\/envima.es\/wp-content\/uploads\/2024\/10\/Composicions-Envima-2-1-1092x1536.jpg 1092w, https:\/\/envima.es\/wp-content\/uploads\/2024\/10\/Composicions-Envima-2-1-1456x2048.jpg 1456w\" sizes=\"auto, (max-width: 1789px) 100vw, 1789px\" \/><div class=\"wp-block-cover__inner-container is-layout-flow wp-block-cover-is-layout-flow\">\n<div class=\"wp-block-group\"><div class=\"wp-block-group__inner-container is-layout-flow wp-block-group-is-layout-flow\">\n<div style=\"height:22px\" aria-hidden=\"true\" class=\"wp-block-spacer\"><\/div>\n\n\n\n<div style=\"height:100px\" aria-hidden=\"true\" class=\"wp-block-spacer\"><\/div>\n\n\n\n<div class=\"wp-block-columns is-layout-flex wp-container-core-columns-is-layout-2 wp-block-columns-is-layout-flex\">\n<div class=\"wp-block-column is-layout-flow wp-block-column-is-layout-flow\" style=\"padding-right:0;padding-left:0;flex-basis:20%\">\n<div class=\"wp-block-group is-vertical is-content-justification-center is-layout-flex wp-container-core-group-is-layout-1 wp-block-group-is-layout-flex\"><\/div>\n<\/div>\n\n\n\n<div class=\"wp-block-column is-layout-flow wp-block-column-is-layout-flow\" style=\"flex-basis:60%\">\n<div class=\"wp-block-group is-vertical is-content-justification-center is-layout-flex wp-container-core-group-is-layout-2 wp-block-group-is-layout-flex\">\n<h2 class=\"wp-block-heading has-text-align-center has-nv-site-bg-color has-text-color has-link-color wp-elements-465964f9e3b486019c7c54d3b4e1d038\">ENVIMA \u00e0 ZIGURAT<\/h2>\n\n\n\n<div style=\"height:26px\" aria-hidden=\"true\" class=\"wp-block-spacer wp-container-content-1\"><\/div>\n\n\n\n<p class=\"has-text-align-center has-nv-site-bg-color has-text-color has-link-color wp-elements-b9324fec4ee4e04fafdb23740427f660\">Chez ENVIMA, nous croyons au partage de notre exp\u00e9rience et de nos connaissances pour promouvoir des projets de construction plus efficaces et durables. Dans cette vid\u00e9o, Enric Vijande Majem, fondateur d'ENVIMA et chef de projet certifi\u00e9, nous donne les cl\u00e9s pour g\u00e9rer efficacement le temps sur le chantier et \u00e9viter les erreurs les plus courantes qui ont un impact sur les d\u00e9lais et les co\u00fbts. D\u00e9couvrez notre vision de la gestion de projet dans la construction et comment nous travaillons pour obtenir des r\u00e9sultats de qualit\u00e9.<\/p>\n<\/div>\n<\/div>\n\n\n\n<div class=\"wp-block-column is-layout-flow wp-block-column-is-layout-flow\" style=\"flex-basis:20%\">\n<div class=\"wp-block-group is-vertical is-content-justification-center is-layout-flex wp-container-core-group-is-layout-3 wp-block-group-is-layout-flex\"><\/div>\n<\/div>\n<\/div>\n\n\n\n<div style=\"height:100px\" aria-hidden=\"true\" class=\"wp-block-spacer\"><\/div>\n\n\n\n<div class=\"wp-block-columns are-vertically-aligned-center is-layout-flex wp-container-core-columns-is-layout-3 wp-block-columns-is-layout-flex\">\n<div class=\"wp-block-column is-layout-flow wp-block-column-is-layout-flow\">\n<figure class=\"wp-block-embed aligncenter is-type-video is-provider-youtube wp-block-embed-youtube wp-embed-aspect-16-9 wp-has-aspect-ratio\"><div class=\"wp-block-embed__wrapper\">\n<div class=\"nv-iframe-embed\"><iframe loading=\"lazy\" title=\"Erreurs dans la gestion du temps dans la construction I Enric Vijande Majem , PMP\u00ae , PMP\u00ae , Enric Vijande Majem\" width=\"1200\" height=\"675\" src=\"https:\/\/www.youtube.com\/embed\/WgvWkgJkDQ8?feature=oembed\" frameborder=\"0\" allow=\"accelerometer; autoplay; clipboard-write; encrypted-media; gyroscope; picture-in-picture; web-share\" referrerpolicy=\"strict-origin-when-cross-origin\" allowfullscreen><\/iframe><\/div>\n<\/div><\/figure>\n\n\n\n<div style=\"height:32px\" aria-hidden=\"true\" class=\"wp-block-spacer\"><\/div>\n\n\n\n<div style=\"height:32px\" aria-hidden=\"true\" class=\"wp-block-spacer\"><\/div>\n<\/div>\n<\/div>\n<\/div><\/div>\n<\/div><\/div>\n\n\n\n<div style=\"height:80px\" aria-hidden=\"true\" class=\"wp-block-spacer\"><\/div>\n\n\n\n<div style=\"height:100px\" aria-hidden=\"true\" class=\"wp-block-spacer\"><\/div>\n\n\n\n<div class=\"wp-block-columns is-layout-flex wp-container-core-columns-is-layout-6 wp-block-columns-is-layout-flex\">\n<div class=\"wp-block-column ticss-4ce656f1 is-layout-flow wp-block-column-is-layout-flow\"><div class=\"wp-block-image is-style-rounded\">\n<figure class=\"aligncenter size-full is-resized\"><a href=\"https:\/\/www.pmi.org\/\"><img loading=\"lazy\" decoding=\"async\" width=\"1200\" height=\"630\" src=\"https:\/\/envima.es\/wp-content\/uploads\/2024\/09\/project-management-institute.png\" alt=\"\" class=\"wp-image-35\" style=\"width:173px;height:auto\" srcset=\"https:\/\/envima.es\/wp-content\/uploads\/2024\/09\/project-management-institute.png 1200w, https:\/\/envima.es\/wp-content\/uploads\/2024\/09\/project-management-institute-300x158.png 300w, https:\/\/envima.es\/wp-content\/uploads\/2024\/09\/project-management-institute-1024x538.png 1024w, https:\/\/envima.es\/wp-content\/uploads\/2024\/09\/project-management-institute-768x403.png 768w\" sizes=\"auto, (max-width: 1200px) 100vw, 1200px\" \/><\/a><\/figure><\/div>\n\n\n<div style=\"height:9px\" aria-hidden=\"true\" class=\"wp-block-spacer\"><\/div>\n\n\n\n<p class=\"has-text-align-center has-nv-c-2-color has-text-color has-link-color wp-elements-0c5ff42e40d9b00c577238417e1baaaf\"><strong>ENVIMA<\/strong>&nbsp;est associ\u00e9 \u00e0 des organisations mondiales de r\u00e9f\u00e9rence dans le domaine de la gestion de projet, telles que le Project Management Institute, organisation internationale de premier plan dans le d\u00e9veloppement de normes, de certifications et de ressources pour la gestion de projet.<\/p>\n\n\n\n<div style=\"height:20px\" aria-hidden=\"true\" class=\"wp-block-spacer\"><\/div>\n<\/div>\n\n\n\n<div class=\"wp-block-column ticss-f6fc7494 is-layout-flow wp-block-column-is-layout-flow\"><div class=\"wp-block-image is-style-default\">\n<figure class=\"aligncenter size-full is-resized\"><a href=\"https:\/\/gbce.es\"><img loading=\"lazy\" decoding=\"async\" width=\"1356\" height=\"448\" src=\"https:\/\/envima.es\/wp-content\/uploads\/2024\/09\/gbce-loho.jpeg\" alt=\"\" class=\"wp-image-37\" style=\"width:173px\" srcset=\"https:\/\/envima.es\/wp-content\/uploads\/2024\/09\/gbce-loho.jpeg 1356w, https:\/\/envima.es\/wp-content\/uploads\/2024\/09\/gbce-loho-300x99.jpeg 300w, https:\/\/envima.es\/wp-content\/uploads\/2024\/09\/gbce-loho-1024x338.jpeg 1024w, https:\/\/envima.es\/wp-content\/uploads\/2024\/09\/gbce-loho-768x254.jpeg 768w\" sizes=\"auto, (max-width: 1356px) 100vw, 1356px\" \/><\/a><\/figure><\/div>\n\n\n<div style=\"height:24px\" aria-hidden=\"true\" class=\"wp-block-spacer\"><\/div>\n\n\n\n<div style=\"height:0px\" aria-hidden=\"true\" class=\"wp-block-spacer\"><\/div>\n\n\n\n<p class=\"has-text-align-center has-nv-dark-bg-color has-text-color\">Au&nbsp;<strong>ENVIMA<\/strong>Nous nous engageons en faveur de la durabilit\u00e9 et de l'efficacit\u00e9 \u00e9nerg\u00e9tique dans tous nos projets. C'est pourquoi nous sommes membres de la&nbsp;<strong>Conseil du b\u00e2timent vert d'Espagne (GBCe)<\/strong>une organisation de premier plan dans la promotion de la construction durable. <\/p>\n\n\n\n<div style=\"height:20px\" aria-hidden=\"true\" class=\"wp-block-spacer\"><\/div>\n\n\n\n<div class=\"wp-block-columns is-layout-flex wp-container-core-columns-is-layout-4 wp-block-columns-is-layout-flex\">\n<div class=\"wp-block-column is-layout-flow wp-block-column-is-layout-flow\"><\/div>\n\n\n\n<div class=\"wp-block-column is-layout-flow wp-block-column-is-layout-flow\"><\/div>\n\n\n\n<div class=\"wp-block-column is-layout-flow wp-block-column-is-layout-flow\"><\/div>\n<\/div>\n<\/div>\n\n\n\n<div class=\"wp-block-column ticss-4ce656f1 is-layout-flow wp-block-column-is-layout-flow\"><div class=\"wp-block-image is-style-default\">\n<figure class=\"aligncenter size-full is-resized\"><a href=\"https:\/\/www.cateb.cat\/professors\/enric-vijande-majem\/\"><img loading=\"lazy\" decoding=\"async\" width=\"155\" height=\"69\" src=\"https:\/\/envima.es\/wp-content\/uploads\/2024\/10\/Logo_building_school.png\" alt=\"\" class=\"wp-image-341\" style=\"width:172px\"\/><\/a><\/figure><\/div>\n\n\n<div style=\"height:9px\" aria-hidden=\"true\" class=\"wp-block-spacer\"><\/div>\n\n\n\n<p class=\"has-text-align-center has-nv-c-2-color has-text-color has-link-color wp-elements-6477e262c33d35b6d115ddc620e530ec\">Enric Vijande, fondateur d'ENVIMA, est professeur au Col-legi d'Aparelladors de Barcelona (CATEB), architecte technique agr\u00e9\u00e9, ma\u00eetre en gestion de projet et chef de projet certifi\u00e9 PMP. Avec 30 ans d'exp\u00e9rience dans les projets de construction, il est \u00e9galement responsable du bureau technique du monast\u00e8re de Montserrat.<\/p>\n\n\n\n<div style=\"height:20px\" aria-hidden=\"true\" class=\"wp-block-spacer\"><\/div>\n\n\n\n<div style=\"height:100px\" aria-hidden=\"true\" class=\"wp-block-spacer\"><\/div>\n<\/div>\n\n\n\n<div class=\"wp-block-column ticss-f6fc7494 is-layout-flow wp-block-column-is-layout-flow\"><div class=\"wp-block-image is-style-default\">\n<figure class=\"aligncenter size-full is-resized\"><a href=\"https:\/\/www.e-zigurat.com\/es\/profesor\/enric-vijande-majem\/\"><img loading=\"lazy\" decoding=\"async\" width=\"1737\" height=\"316\" src=\"https:\/\/envima.es\/wp-content\/uploads\/2024\/10\/Logo-ZIGURAT-2022-CMYK.jpg\" alt=\"\" class=\"wp-image-342\" style=\"width:172px\" srcset=\"https:\/\/envima.es\/wp-content\/uploads\/2024\/10\/Logo-ZIGURAT-2022-CMYK.jpg 1737w, https:\/\/envima.es\/wp-content\/uploads\/2024\/10\/Logo-ZIGURAT-2022-CMYK-300x55.jpg 300w, https:\/\/envima.es\/wp-content\/uploads\/2024\/10\/Logo-ZIGURAT-2022-CMYK-1024x186.jpg 1024w, https:\/\/envima.es\/wp-content\/uploads\/2024\/10\/Logo-ZIGURAT-2022-CMYK-768x140.jpg 768w, https:\/\/envima.es\/wp-content\/uploads\/2024\/10\/Logo-ZIGURAT-2022-CMYK-1536x279.jpg 1536w\" sizes=\"auto, (max-width: 1737px) 100vw, 1737px\" \/><\/a><\/figure><\/div>\n\n\n<div style=\"height:24px\" aria-hidden=\"true\" class=\"wp-block-spacer\"><\/div>\n\n\n\n<div style=\"height:26px\" aria-hidden=\"true\" class=\"wp-block-spacer\"><\/div>\n\n\n\n<p class=\"has-text-align-center has-nv-dark-bg-color has-text-color\">Enric Vijande collabore avec le Zigurat Global Institute of Technology en tant que charg\u00e9 de cours dans le cadre du Master international en gestion de projets de construction. Il apporte son exp\u00e9rience en mati\u00e8re de gestion de projets, de durabilit\u00e9 et d'efficacit\u00e9 \u00e9nerg\u00e9tique.<\/p>\n\n\n\n<div style=\"height:20px\" aria-hidden=\"true\" class=\"wp-block-spacer\"><\/div>\n\n\n\n<div class=\"wp-block-columns is-layout-flex wp-container-core-columns-is-layout-5 wp-block-columns-is-layout-flex\">\n<div class=\"wp-block-column is-layout-flow wp-block-column-is-layout-flow\"><\/div>\n\n\n\n<div class=\"wp-block-column is-layout-flow wp-block-column-is-layout-flow\"><\/div>\n\n\n\n<div class=\"wp-block-column is-layout-flow wp-block-column-is-layout-flow\"><\/div>\n<\/div>\n<\/div>\n<\/div>\n\n\n\n<div style=\"height:100px\" aria-hidden=\"true\" class=\"wp-block-spacer\"><\/div>\n\n\n\n<div class=\"wp-block-cover alignfull is-light\" style=\"min-height:300px;aspect-ratio:unset;\"><span aria-hidden=\"true\" class=\"wp-block-cover__background has-background-dim-0 has-background-dim\" style=\"background-color:#00070c\"><\/span><img loading=\"lazy\" decoding=\"async\" width=\"1789\" height=\"2516\" class=\"wp-block-cover__image-background wp-image-363\" alt=\"\" src=\"https:\/\/envima.es\/wp-content\/uploads\/2024\/10\/Composicions-Envima-6.jpg\" style=\"object-position:56% 99%\" data-object-fit=\"cover\" data-object-position=\"56% 99%\" srcset=\"https:\/\/envima.es\/wp-content\/uploads\/2024\/10\/Composicions-Envima-6.jpg 1789w, https:\/\/envima.es\/wp-content\/uploads\/2024\/10\/Composicions-Envima-6-213x300.jpg 213w, https:\/\/envima.es\/wp-content\/uploads\/2024\/10\/Composicions-Envima-6-728x1024.jpg 728w, https:\/\/envima.es\/wp-content\/uploads\/2024\/10\/Composicions-Envima-6-768x1080.jpg 768w, https:\/\/envima.es\/wp-content\/uploads\/2024\/10\/Composicions-Envima-6-1092x1536.jpg 1092w, https:\/\/envima.es\/wp-content\/uploads\/2024\/10\/Composicions-Envima-6-1456x2048.jpg 1456w\" sizes=\"auto, (max-width: 1789px) 100vw, 1789px\" \/><div class=\"wp-block-cover__inner-container is-layout-flow wp-block-cover-is-layout-flow\">\n<div style=\"height:100px\" aria-hidden=\"true\" class=\"wp-block-spacer\"><\/div>\n\n\n\n<div class=\"wp-block-columns is-layout-flex wp-container-core-columns-is-layout-7 wp-block-columns-is-layout-flex\">\n<div class=\"wp-block-column is-layout-flow wp-block-column-is-layout-flow\" style=\"flex-basis:20%\"><\/div>\n\n\n\n<div class=\"wp-block-column is-layout-flow wp-block-column-is-layout-flow\" style=\"flex-basis:60%\">\n<div class=\"wp-block-group\"><div class=\"wp-block-group__inner-container is-layout-constrained wp-block-group-is-layout-constrained\">\n<h2 class=\"wp-block-heading has-text-align-center has-nv-c-2-color has-text-color\">Pr\u00eat \u00e0 d\u00e9marrer votre projet ?<\/h2>\n\n\n\n<p class=\"has-text-align-center has-nv-c-2-color has-text-color has-link-color wp-elements-4c279550b5c53ee8a5144035fd23df6b\">Au&nbsp;<strong>ENVIMA<\/strong>&nbsp;nous sommes l\u00e0 pour vous aider \u00e0 concr\u00e9tiser vos id\u00e9es, en garantissant la qualit\u00e9, la durabilit\u00e9 et l'efficacit\u00e9 \u00e0 chaque \u00e9tape du processus. <strong>Contactez-nous d\u00e8s aujourd'hui<\/strong>&nbsp;pour une consultation personnalis\u00e9e et d\u00e9couvrir comment nous pouvons faire de votre projet une r\u00e9ussite.<\/p>\n\n\n\n<div class=\"wp-block-buttons is-horizontal is-content-justification-center is-layout-flex wp-container-core-buttons-is-layout-1 wp-block-buttons-is-layout-flex\">\n<div class=\"wp-block-button is-style-default\"><a class=\"wp-block-button__link has-nv-site-bg-color has-neve-link-hover-color-background-color has-text-color has-background has-link-color wp-element-button\" href=\"https:\/\/envima.es\/fr\/contact\/\">Demande de consultation<\/a><\/div>\n<\/div>\n<\/div><\/div>\n<\/div>\n\n\n\n<div class=\"wp-block-column is-layout-flow wp-block-column-is-layout-flow\" style=\"flex-basis:20%\"><\/div>\n<\/div>\n\n\n\n<div style=\"height:142px\" aria-hidden=\"true\" class=\"wp-block-spacer\"><\/div>\n<\/div><\/div>\n\n\n\n<div style=\"height:100px\" aria-hidden=\"true\" class=\"wp-block-spacer\"><\/div>\n\n\n\n<div style=\"height:0px\" aria-hidden=\"true\" class=\"wp-block-spacer\"><\/div>\n<\/div><\/div>","protected":false},"excerpt":{"rendered":"<p>\u00c0 ENVIMA, nous voulons partager nos connaissances et notre exp\u00e9rience, tout en apprenant chaque jour des autres. La valeur ajout\u00e9e apport\u00e9e par le transfert de connaissances ou la collaboration au sein d'\u00e9quipes de recherche et de d\u00e9bat nous conduit \u00e0 des actions de diff\u00e9rentes natures :<\/p>","protected":false},"author":1,"featured_media":171,"parent":10,"menu_order":0,"comment_status":"closed","ping_status":"open","template":"","meta":{"neve_meta_sidebar":"","neve_meta_container":"","neve_meta_enable_content_width":"","neve_meta_content_width":0,"neve_meta_title_alignment":"","neve_meta_author_avatar":"","neve_post_elements_order":"","neve_meta_disable_header":"","neve_meta_disable_footer":"","neve_meta_disable_title":"","footnotes":""},"class_list":["post-170","page","type-page","status-publish","has-post-thumbnail","hentry"],"_links":{"self":[{"href":"https:\/\/envima.es\/fr\/wp-json\/wp\/v2\/pages\/170","targetHints":{"allow":["GET"]}}],"collection":[{"href":"https:\/\/envima.es\/fr\/wp-json\/wp\/v2\/pages"}],"about":[{"href":"https:\/\/envima.es\/fr\/wp-json\/wp\/v2\/types\/page"}],"author":[{"embeddable":true,"href":"https:\/\/envima.es\/fr\/wp-json\/wp\/v2\/users\/1"}],"replies":[{"embeddable":true,"href":"https:\/\/envima.es\/fr\/wp-json\/wp\/v2\/comments?post=170"}],"version-history":[{"count":7,"href":"https:\/\/envima.es\/fr\/wp-json\/wp\/v2\/pages\/170\/revisions"}],"predecessor-version":[{"id":412,"href":"https:\/\/envima.es\/fr\/wp-json\/wp\/v2\/pages\/170\/revisions\/412"}],"up":[{"embeddable":true,"href":"https:\/\/envima.es\/fr\/wp-json\/wp\/v2\/pages\/10"}],"wp:featuredmedia":[{"embeddable":true,"href":"https:\/\/envima.es\/fr\/wp-json\/wp\/v2\/media\/171"}],"wp:attachment":[{"href":"https:\/\/envima.es\/fr\/wp-json\/wp\/v2\/media?parent=170"}],"curies":[{"name":"wp","href":"https:\/\/api.w.org\/{rel}","templated":true}]}}