{"id":754,"date":"2025-01-07T11:16:44","date_gmt":"2025-01-07T11:16:44","guid":{"rendered":"https:\/\/envima.es\/?page_id=754"},"modified":"2025-01-07T11:16:44","modified_gmt":"2025-01-07T11:16:44","slug":"aviso-legal","status":"publish","type":"page","link":"https:\/\/envima.es\/fr\/aviso-legal\/","title":{"rendered":"Avis juridique"},"content":{"rendered":"<p>Vous trouverez dans cet espace toutes les informations relatives aux conditions l\u00e9gales qui d\u00e9finissent la relation entre les utilisateurs et le responsable de ce site web. En tant qu'utilisateur, il est important que vous preniez connaissance de ces conditions avant de poursuivre votre navigation.<\/p>\n\n\n\n<p>Ce site web respecte strictement la&nbsp;<strong>Loi 34\/2002 du 11 juillet 2002<\/strong>La LSSICE (loi sur les services de la soci\u00e9t\u00e9 de l'information et le commerce \u00e9lectronique).<\/p>\n\n\n\n<h3 class=\"wp-block-heading\"><strong>Coordonn\u00e9es de la personne responsable de ce site web<\/strong><\/h3>\n\n\n\n<ul class=\"wp-block-list\">\n<li><strong>Nom de l'entreprise :<\/strong>\u00a0Enric Vijande Majem<\/li>\n\n\n\n<li><strong>NIF\/CIF :<\/strong>\u00a046105109-L<\/li>\n\n\n\n<li><strong>Si\u00e8ge social :<\/strong>\u00a0Sant Cugat del Vall\u00e8s, Espagne<\/li>\n\n\n\n<li><strong>Site web :<\/strong>\u00a0<a href=\"https:\/\/envima.es\/fr\/\">www.envima.es<\/a><\/li>\n<\/ul>\n\n\n\n<h3 class=\"wp-block-heading\"><strong>Conditions d'utilisation<\/strong><\/h3>\n\n\n\n<p>L'acc\u00e8s et\/ou l'utilisation de ce site web conf\u00e8re la condition d'Utilisateur \u00e0 ceux qui y acc\u00e8dent et\/ou l'utilisent, acceptant d\u00e8s cet instant, pleinement et sans r\u00e9serve, le pr\u00e9sent Avis L\u00e9gal, ainsi que les conditions particuli\u00e8res qui, le cas \u00e9ch\u00e9ant, le compl\u00e8tent.<\/p>\n\n\n\n<p>L'utilisateur s'engage \u00e0 utiliser ce site web, ses services et ses contenus sans contrevenir \u00e0 la l\u00e9gislation en vigueur, \u00e0 la bonne foi et \u00e0 l'ordre public. Il est interdit d'utiliser le site web \u00e0 des fins illicites, nuisibles ou emp\u00eachant son fonctionnement normal.<\/p>\n\n\n\n<p>En ce qui concerne le contenu, il est interdit :<\/p>\n\n\n\n<ul class=\"wp-block-list\">\n<li>Reproduction, distribution ou modification non autoris\u00e9es.<\/li>\n\n\n\n<li>Toute violation des droits du propri\u00e9taire ou de tiers.<\/li>\n\n\n\n<li>Leur utilisation \u00e0 des fins commerciales ou publicitaires.<\/li>\n<\/ul>\n\n\n\n<hr class=\"wp-block-separator has-alpha-channel-opacity\"\/>\n\n\n\n<h3 class=\"wp-block-heading\"><strong>Propri\u00e9t\u00e9 intellectuelle et industrielle<\/strong><\/h3>\n\n\n\n<p>Tous les contenus de ce site web, y compris les textes, les images, la conception graphique, le code source et d'autres \u00e9l\u00e9ments, sont prot\u00e9g\u00e9s par des droits de propri\u00e9t\u00e9 intellectuelle et industrielle. Leur utilisation, reproduction, distribution ou modification sans autorisation pr\u00e9alable du propri\u00e9taire est express\u00e9ment interdite.<\/p>\n\n\n\n<h3 class=\"wp-block-heading\"><strong>Protection des donn\u00e9es et confidentialit\u00e9<\/strong><\/h3>\n\n\n\n<p>Selon la&nbsp;<strong>R\u00e8glement g\u00e9n\u00e9ral sur la protection des donn\u00e9es (RGPD)<\/strong>&nbsp;et la l\u00e9gislation espagnole en vigueur, les donn\u00e9es personnelles collect\u00e9es seront trait\u00e9es avec la plus grande confidentialit\u00e9 et aux fins d\u00e9taill\u00e9es dans la politique de confidentialit\u00e9.<\/p>\n\n\n\n<p><strong>Responsable du traitement des donn\u00e9es :<\/strong><\/p>\n\n\n\n<ul class=\"wp-block-list\">\n<li><strong>Enric Vijande Majem<\/strong><\/li>\n<\/ul>\n\n\n\n<p>Les donn\u00e9es ne seront pas transmises \u00e0 des tiers, sauf en cas d'obligation l\u00e9gale, et ne seront conserv\u00e9es que pendant la dur\u00e9e n\u00e9cessaire \u00e0 la r\u00e9alisation des objectifs fix\u00e9s.<\/p>\n\n\n\n<p><strong>Droits des utilisateurs :<\/strong><\/p>\n\n\n\n<ul class=\"wp-block-list\">\n<li>Acc\u00e8s, rectification et suppression des donn\u00e9es.<\/li>\n\n\n\n<li>Limitation du traitement ou opposition au traitement.<\/li>\n\n\n\n<li>La portabilit\u00e9 des donn\u00e9es.<br>Pour exercer ces droits, veuillez contacter le responsable du traitement des donn\u00e9es \u00e0 l'adresse \u00e9lectronique fournie.<\/li>\n<\/ul>\n\n\n\n<hr class=\"wp-block-separator has-alpha-channel-opacity\"\/>\n\n\n\n<h3 class=\"wp-block-heading\"><strong>Exclusion des garanties et de la responsabilit\u00e9<\/strong><\/h3>\n\n\n\n<p>Le responsable de ce site ne garantit pas :<\/p>\n\n\n\n<ul class=\"wp-block-list\">\n<li>la disponibilit\u00e9, la continuit\u00e9 ou le fonctionnement du site web.<\/li>\n\n\n\n<li>L'absence de virus ou d'autres \u00e9l\u00e9ments nuisibles.<\/li>\n\n\n\n<li>Utilisation abusive du site web par les utilisateurs.<\/li>\n<\/ul>\n\n\n\n<hr class=\"wp-block-separator has-alpha-channel-opacity\"\/>\n\n\n\n<h3 class=\"wp-block-heading\"><strong>Liens externes<\/strong><\/h3>\n\n\n\n<p>Ce site web peut contenir des liens vers des sites web de tiers, dont la gestion et le contenu ne rel\u00e8vent pas de la responsabilit\u00e9 d'ENVIMA. L'\u00e9tablissement de ces liens n'implique pas l'existence d'une relation entre ENVIMA et les propri\u00e9taires de ces pages.<\/p>\n\n\n\n<hr class=\"wp-block-separator has-alpha-channel-opacity\"\/>\n\n\n\n<h3 class=\"wp-block-heading\"><strong>Droit applicable et juridiction<\/strong><\/h3>\n\n\n\n<p>En g\u00e9n\u00e9ral, les relations entre ENVIMA et les utilisateurs de ce site web sont soumises \u00e0 la l\u00e9gislation espagnole et aux tribunaux de Sant Cugat del Vall\u00e8s.<\/p>\n\n\n\n<hr class=\"wp-block-separator has-alpha-channel-opacity\"\/>\n\n\n\n<h3 class=\"wp-block-heading\"><strong>Contact<\/strong><\/h3>\n\n\n\n<p>Si vous avez des doutes ou des commentaires au sujet de cet avis juridique, vous pouvez nous contacter par l'interm\u00e9diaire de la section \"Demande de consultation\" du site web.<\/p>\n\n\n\n<p><strong>Derni\u00e8re mise \u00e0 jour :<\/strong>\u00a0[7 janv. 2025]<\/p>\n\n\n\n<p><\/p>","protected":false},"excerpt":{"rendered":"<p>Vous trouverez dans cet espace toutes les informations relatives aux conditions l\u00e9gales qui d\u00e9finissent la relation entre les utilisateurs et le responsable de ce site web. En tant qu'utilisateur, il est important que vous preniez connaissance de ces conditions avant de poursuivre votre navigation. Ce site respecte rigoureusement la loi 34\/2002, du 11 juillet, sur les services de commerce \u00e9lectronique....&nbsp;<a href=\"https:\/\/envima.es\/fr\/aviso-legal\/\" rel=\"bookmark\">Lire la suite \"<span class=\"screen-reader-text\">Avis juridique<\/span><\/a><\/p>","protected":false},"author":1,"featured_media":0,"parent":0,"menu_order":0,"comment_status":"closed","ping_status":"closed","template":"","meta":{"neve_meta_sidebar":"left","neve_meta_container":"","neve_meta_enable_content_width":"","neve_meta_content_width":70,"neve_meta_title_alignment":"","neve_meta_author_avatar":"","neve_post_elements_order":"","neve_meta_disable_header":"","neve_meta_disable_footer":"","neve_meta_disable_title":"","footnotes":""},"class_list":["post-754","page","type-page","status-publish","hentry"],"_links":{"self":[{"href":"https:\/\/envima.es\/fr\/wp-json\/wp\/v2\/pages\/754","targetHints":{"allow":["GET"]}}],"collection":[{"href":"https:\/\/envima.es\/fr\/wp-json\/wp\/v2\/pages"}],"about":[{"href":"https:\/\/envima.es\/fr\/wp-json\/wp\/v2\/types\/page"}],"author":[{"embeddable":true,"href":"https:\/\/envima.es\/fr\/wp-json\/wp\/v2\/users\/1"}],"replies":[{"embeddable":true,"href":"https:\/\/envima.es\/fr\/wp-json\/wp\/v2\/comments?post=754"}],"version-history":[{"count":1,"href":"https:\/\/envima.es\/fr\/wp-json\/wp\/v2\/pages\/754\/revisions"}],"predecessor-version":[{"id":755,"href":"https:\/\/envima.es\/fr\/wp-json\/wp\/v2\/pages\/754\/revisions\/755"}],"wp:attachment":[{"href":"https:\/\/envima.es\/fr\/wp-json\/wp\/v2\/media?parent=754"}],"curies":[{"name":"wp","href":"https:\/\/api.w.org\/{rel}","templated":true}]}}