{"id":757,"date":"2025-01-07T11:25:28","date_gmt":"2025-01-07T11:25:28","guid":{"rendered":"https:\/\/envima.es\/?page_id=757"},"modified":"2025-01-07T11:25:29","modified_gmt":"2025-01-07T11:25:29","slug":"politica-de-privacidad","status":"publish","type":"page","link":"https:\/\/envima.es\/fr\/politica-de-privacidad\/","title":{"rendered":"Politique de confidentialit\u00e9"},"content":{"rendered":"<p><strong>Politique de confidentialit\u00e9<\/strong><\/p>\n\n\n\n<p>Chez ENVIMA, nous prenons tr\u00e8s au s\u00e9rieux la confidentialit\u00e9 et la protection des donn\u00e9es personnelles de nos utilisateurs, clients et abonn\u00e9s. C'est pourquoi nous vous encourageons \u00e0 lire cette politique de confidentialit\u00e9, qui d\u00e9taille la mani\u00e8re dont nous collectons, utilisons et prot\u00e9geons vos informations personnelles conform\u00e9ment \u00e0 la loi sur la protection des donn\u00e9es.&nbsp;<strong>R\u00e8glement g\u00e9n\u00e9ral sur la protection des donn\u00e9es (RGPD)<\/strong>les&nbsp;<strong>Loi organique sur la protection des donn\u00e9es (LOPD)<\/strong>&nbsp;et le&nbsp;<strong>Loi sur les services de la soci\u00e9t\u00e9 de l'information et le commerce \u00e9lectronique (LSSICE)<\/strong>.<\/p>\n\n\n\n<h3 class=\"wp-block-heading\"><strong>Contr\u00f4leur des donn\u00e9es<\/strong><\/h3>\n\n\n\n<ul class=\"wp-block-list\">\n<li><strong>Nom de l'entreprise :<\/strong>\u00a0Enric Vijande Majem<\/li>\n\n\n\n<li><strong>NIF\/CIF :<\/strong>\u00a046105109-L<\/li>\n\n\n\n<li><strong>Si\u00e8ge social :<\/strong>\u00a0Sant Cugat del Vall\u00e8s, Espagne<\/li>\n\n\n\n<li><strong>E-mail :<\/strong>\u00a0<a>envima@envima.es<\/a><\/li>\n\n\n\n<li><strong>Site web :<\/strong>\u00a0<a href=\"https:\/\/envima.es\/fr\/\">www.envima.es<\/a><\/li>\n<\/ul>\n\n\n\n<hr class=\"wp-block-separator has-alpha-channel-opacity\"\/>\n\n\n\n<h3 class=\"wp-block-heading\"><strong>Collecte et utilisation des donn\u00e9es personnelles<\/strong><\/h3>\n\n\n\n<p>ENVIMA recueille des donn\u00e9es \u00e0 caract\u00e8re personnel lorsque<\/p>\n\n\n\n<ul class=\"wp-block-list\">\n<li>Vous nous contactez par le biais de formulaires.<\/li>\n\n\n\n<li>Vous posez des questions ou demandez des informations.<\/li>\n\n\n\n<li>Vous passez un contrat avec nos services.<\/li>\n<\/ul>\n\n\n\n<p>Les donn\u00e9es personnelles collect\u00e9es peuvent inclure<\/p>\n\n\n\n<ul class=\"wp-block-list\">\n<li>Nom et pr\u00e9nom.<\/li>\n\n\n\n<li>Adresse \u00e9lectronique.<\/li>\n\n\n\n<li>Num\u00e9ro de t\u00e9l\u00e9phone de contact.<\/li>\n\n\n\n<li>Adresse IP.<\/li>\n\n\n\n<li>Informations relatives au paiement, le cas \u00e9ch\u00e9ant.<\/li>\n<\/ul>\n\n\n\n<p>La transmission de ces donn\u00e9es est n\u00e9cessaire pour<\/p>\n\n\n\n<ul class=\"wp-block-list\">\n<li>R\u00e9pondre \u00e0 vos questions.<\/li>\n\n\n\n<li>Fournir les services contractuels.<\/li>\n\n\n\n<li>vous envoyer des informations pertinentes sur nos services.<\/li>\n<\/ul>\n\n\n\n<p>Le fait de ne pas fournir les donn\u00e9es demand\u00e9es ou de ne pas accepter la pr\u00e9sente politique de confidentialit\u00e9 peut emp\u00eacher la fourniture des services demand\u00e9s.<\/p>\n\n\n\n<hr class=\"wp-block-separator has-alpha-channel-opacity\"\/>\n\n\n\n<h3 class=\"wp-block-heading\"><strong>L\u00e9gitimation du traitement des donn\u00e9es<\/strong><\/h3>\n\n\n\n<p>La base juridique du traitement de vos donn\u00e9es est la suivante :<\/p>\n\n\n\n<ul class=\"wp-block-list\">\n<li>Votre consentement expr\u00e8s, donn\u00e9 en remplissant des formulaires sur notre site web.<\/li>\n\n\n\n<li>l'ex\u00e9cution d'un contrat, lorsque vous sollicitez nos services.<\/li>\n\n\n\n<li>Notre int\u00e9r\u00eat l\u00e9gitime \u00e0 vous informer sur les services li\u00e9s \u00e0 ceux qui ont \u00e9t\u00e9 contract\u00e9s pr\u00e9c\u00e9demment.<\/li>\n<\/ul>\n\n\n\n<hr class=\"wp-block-separator has-alpha-channel-opacity\"\/>\n\n\n\n<h3 class=\"wp-block-heading\"><strong>Services de tiers utilis\u00e9s<\/strong><\/h3>\n\n\n\n<p>Pour assurer la s\u00e9curit\u00e9 de vos donn\u00e9es, nous utilisons les services suivants :<\/p>\n\n\n\n<ul class=\"wp-block-list\">\n<li><strong>H\u00e9bergement :<\/strong>\u00a0Hostinger.co.uk (voir leur politique de confidentialit\u00e9 \u00e0 l'adresse suivante\u00a0<a href=\"https:\/\/www.cyberneticos.com\/avisoslegales.php\">Hostinger<\/a>).<\/li>\n\n\n\n<li><strong>Plate-forme web :<\/strong>\u00a0WordPress.org (voir leur politique de confidentialit\u00e9 \u00e0 l'adresse\u00a0<a href=\"https:\/\/automattic.com\/privacy\/\">Automattic<\/a>).<\/li>\n\n\n\n<li><strong>Analyse du web :<\/strong>\u00a0Google Analytics (voir leur politique de confidentialit\u00e9 \u00e0 l'adresse\u00a0<a href=\"https:\/\/policies.google.com\/privacy?hl=es\">R\u00e8gles de Google<\/a>).<\/li>\n<\/ul>\n\n\n\n<hr class=\"wp-block-separator has-alpha-channel-opacity\"\/>\n\n\n\n<h3 class=\"wp-block-heading\"><strong>Droits de l'utilisateur<\/strong><\/h3>\n\n\n\n<p>En tant qu'utilisateur, vous avez le droit de :<\/p>\n\n\n\n<ul class=\"wp-block-list\">\n<li><strong>Acc\u00e8s<\/strong>\u00a0aux donn\u00e9es personnelles que nous avons recueillies \u00e0 votre sujet.<\/li>\n\n\n\n<li><strong>Rectifier<\/strong>\u00a0des donn\u00e9es inexactes ou p\u00e9rim\u00e9es.<\/li>\n\n\n\n<li><strong>Supprimer<\/strong>\u00a0vos donn\u00e9es personnelles lorsqu'elles ne sont plus n\u00e9cessaires.<\/li>\n\n\n\n<li><strong>Opposition<\/strong>\u00a0au traitement de vos donn\u00e9es \u00e0 des fins sp\u00e9cifiques.<\/li>\n\n\n\n<li><strong>Limite<\/strong>\u00a0le traitement de vos donn\u00e9es dans certaines circonstances.<\/li>\n\n\n\n<li><strong>Portar<\/strong>\u00a0vos donn\u00e9es \u00e0 un autre responsable du traitement, si cela est techniquement possible.<\/li>\n<\/ul>\n\n\n\n<p>Vous pouvez exercer ces droits en envoyant une demande \u00e0 l'adresse suivante :<\/p>\n\n\n\n<ul class=\"wp-block-list\">\n<li><strong>E-mail :<\/strong>\u00a0<a>envima@envima.es<\/a><\/li>\n<\/ul>\n\n\n\n<p>Accompagnez votre demande d'une copie de votre carte d'identit\u00e9 ou d'un autre document d'identification valide, en indiquant \"Protection des donn\u00e9es\" dans l'objet du message.<\/p>\n\n\n\n<hr class=\"wp-block-separator has-alpha-channel-opacity\"\/>\n\n\n\n<h3 class=\"wp-block-heading\"><strong>S\u00e9curit\u00e9 des donn\u00e9es<\/strong><\/h3>\n\n\n\n<p>ENVIMA met en \u0153uvre des mesures techniques et organisationnelles appropri\u00e9es pour prot\u00e9ger vos donn\u00e9es personnelles contre l'acc\u00e8s non autoris\u00e9, l'alt\u00e9ration, la perte ou la destruction. Cependant, nous ne pouvons pas garantir la s\u00e9curit\u00e9 absolue des syst\u00e8mes informatiques sur Internet.<\/p>\n\n\n\n<hr class=\"wp-block-separator has-alpha-channel-opacity\"\/>\n\n\n\n<h3 class=\"wp-block-heading\"><strong>Exactitude et v\u00e9racit\u00e9 des donn\u00e9es<\/strong><\/h3>\n\n\n\n<p>L'utilisateur est responsable de la v\u00e9racit\u00e9 des donn\u00e9es fournies et s'engage \u00e0 les tenir \u00e0 jour. ENVIMA d\u00e9cline toute responsabilit\u00e9 en cas d'inexactitude des donn\u00e9es fournies par les utilisateurs.<\/p>\n\n\n\n<hr class=\"wp-block-separator has-alpha-channel-opacity\"\/>\n\n\n\n<h3 class=\"wp-block-heading\"><strong>Modifications de la politique de confidentialit\u00e9<\/strong><\/h3>\n\n\n\n<p>ENVIMA se r\u00e9serve le droit de mettre \u00e0 jour cette politique de confidentialit\u00e9 afin de l'adapter aux changements de l\u00e9gislation, de jurisprudence ou de pratiques industrielles. Les modifications seront notifi\u00e9es sur cette page avec un pr\u00e9avis raisonnable.<\/p>\n\n\n\n<hr class=\"wp-block-separator has-alpha-channel-opacity\"\/>\n\n\n\n<h3 class=\"wp-block-heading\"><strong>Courrier commercial<\/strong><\/h3>\n\n\n\n<p>ENVIMA ne s'engage pas dans des pratiques de SPAM. Vous ne recevrez des e-mails commerciaux que si vous y avez express\u00e9ment consenti en remplissant nos formulaires. Vous pouvez vous d\u00e9sinscrire \u00e0 tout moment gr\u00e2ce au lien inclus dans nos e-mails.<\/p>\n\n\n\n<p><strong>Derni\u00e8re mise \u00e0 jour :<\/strong>\u00a0[07 Jan 2025]<\/p>\n\n\n\n<p>Si vous avez des questions concernant cette politique de confidentialit\u00e9, n'h\u00e9sitez pas \u00e0 nous contacter en utilisant le formulaire de contact. <\/p>","protected":false},"excerpt":{"rendered":"<p>Politique de confidentialit\u00e9 Chez ENVIMA, nous prenons tr\u00e8s au s\u00e9rieux la confidentialit\u00e9 et la protection des donn\u00e9es personnelles de nos utilisateurs, clients et abonn\u00e9s. Nous vous recommandons donc de lire cette politique de confidentialit\u00e9, qui d\u00e9taille la mani\u00e8re dont nous collectons, utilisons et prot\u00e9geons vos informations personnelles conform\u00e9ment au r\u00e8glement g\u00e9n\u00e9ral sur la protection des donn\u00e9es (RGPD), \u00e0 la loi sur la protection des donn\u00e9es (LPD) et \u00e0 la...&nbsp;<a href=\"https:\/\/envima.es\/fr\/politica-de-privacidad\/\" rel=\"bookmark\">Lire la suite \"<span class=\"screen-reader-text\">Politique de confidentialit\u00e9<\/span><\/a><\/p>","protected":false},"author":1,"featured_media":0,"parent":0,"menu_order":0,"comment_status":"closed","ping_status":"closed","template":"","meta":{"neve_meta_sidebar":"left","neve_meta_container":"","neve_meta_enable_content_width":"","neve_meta_content_width":70,"neve_meta_title_alignment":"","neve_meta_author_avatar":"","neve_post_elements_order":"","neve_meta_disable_header":"","neve_meta_disable_footer":"","neve_meta_disable_title":"","footnotes":""},"class_list":["post-757","page","type-page","status-publish","hentry"],"_links":{"self":[{"href":"https:\/\/envima.es\/fr\/wp-json\/wp\/v2\/pages\/757","targetHints":{"allow":["GET"]}}],"collection":[{"href":"https:\/\/envima.es\/fr\/wp-json\/wp\/v2\/pages"}],"about":[{"href":"https:\/\/envima.es\/fr\/wp-json\/wp\/v2\/types\/page"}],"author":[{"embeddable":true,"href":"https:\/\/envima.es\/fr\/wp-json\/wp\/v2\/users\/1"}],"replies":[{"embeddable":true,"href":"https:\/\/envima.es\/fr\/wp-json\/wp\/v2\/comments?post=757"}],"version-history":[{"count":2,"href":"https:\/\/envima.es\/fr\/wp-json\/wp\/v2\/pages\/757\/revisions"}],"predecessor-version":[{"id":759,"href":"https:\/\/envima.es\/fr\/wp-json\/wp\/v2\/pages\/757\/revisions\/759"}],"wp:attachment":[{"href":"https:\/\/envima.es\/fr\/wp-json\/wp\/v2\/media?parent=757"}],"curies":[{"name":"wp","href":"https:\/\/api.w.org\/{rel}","templated":true}]}}